{"id":11,"date":"2015-05-26T16:35:05","date_gmt":"2015-05-26T14:35:05","guid":{"rendered":"http:\/\/www.drdenck.de\/drdenck\/?page_id=11"},"modified":"2025-01-28T14:00:19","modified_gmt":"2025-01-28T13:00:19","slug":"praxisprofil","status":"publish","type":"page","link":"https:\/\/www.drdenck.de\/drdenck\/praxisprofil\/","title":{"rendered":"Praxisprofil"},"content":{"rendered":"<ul>\n<li>Krebsfr\u00fcherkennungsuntersuchung<a href=\"https:\/\/www.drdenck.de\/drdenck\/wp-content\/uploads\/2021\/10\/Doc-Muellerin-scaled.jpeg\"><img loading=\"lazy\" decoding=\"async\" class=\"size-medium wp-image-438 alignright\" src=\"https:\/\/www.drdenck.de\/drdenck\/wp-content\/uploads\/2021\/10\/Doc-Muellerin-300x200.jpeg\" alt=\"\" width=\"300\" height=\"200\" srcset=\"https:\/\/www.drdenck.de\/drdenck\/wp-content\/uploads\/2021\/10\/Doc-Muellerin-300x200.jpeg 300w, https:\/\/www.drdenck.de\/drdenck\/wp-content\/uploads\/2021\/10\/Doc-Muellerin-1024x683.jpeg 1024w, https:\/\/www.drdenck.de\/drdenck\/wp-content\/uploads\/2021\/10\/Doc-Muellerin-768x512.jpeg 768w, https:\/\/www.drdenck.de\/drdenck\/wp-content\/uploads\/2021\/10\/Doc-Muellerin-1536x1024.jpeg 1536w, https:\/\/www.drdenck.de\/drdenck\/wp-content\/uploads\/2021\/10\/Doc-Muellerin-2048x1365.jpeg 2048w\" sizes=\"auto, (max-width: 300px) 100vw, 300px\" \/><\/a><\/li>\n<li>Gyn\u00e4kologische Diagnostik<\/li>\n<li>Schwangerschaftsbetreuung<\/li>\n<li>Diagnostik und Therapie bei Kinderwunsch<\/li>\n<li>Impfprophylaxe<\/li>\n<li>Fr\u00fcherkennungsuntersuchung der Brust wie\u00a0 Mammasonographie mit hochaufl\u00f6senden Ger\u00e4ten<\/li>\n<li>Nachsorge nach Krebserkrankungen<\/li>\n<li>Ambulante Chemotherapie<\/li>\n<\/ul>\n\n\n<p><a href=\"https:\/\/www.drdenck.de\/drdenck\/wp-content\/uploads\/2021\/10\/Praxis-1-scaled.jpeg\"><img loading=\"lazy\" decoding=\"async\" class=\"alignnone  wp-image-444\" src=\"https:\/\/www.drdenck.de\/drdenck\/wp-content\/uploads\/2021\/10\/Praxis-1-300x200.jpeg\" alt=\"\" width=\"263\" height=\"175\" srcset=\"https:\/\/www.drdenck.de\/drdenck\/wp-content\/uploads\/2021\/10\/Praxis-1-300x200.jpeg 300w, https:\/\/www.drdenck.de\/drdenck\/wp-content\/uploads\/2021\/10\/Praxis-1-1024x683.jpeg 1024w, https:\/\/www.drdenck.de\/drdenck\/wp-content\/uploads\/2021\/10\/Praxis-1-768x512.jpeg 768w, https:\/\/www.drdenck.de\/drdenck\/wp-content\/uploads\/2021\/10\/Praxis-1-1536x1024.jpeg 1536w, https:\/\/www.drdenck.de\/drdenck\/wp-content\/uploads\/2021\/10\/Praxis-1-2048x1365.jpeg 2048w\" sizes=\"auto, (max-width: 263px) 100vw, 263px\" \/><\/a>\u00a0 \u00a0 <a href=\"https:\/\/www.drdenck.de\/drdenck\/wp-content\/uploads\/2021\/10\/Ahnen-WZ-scaled.jpeg\"><img loading=\"lazy\" decoding=\"async\" class=\"alignnone  wp-image-445\" src=\"https:\/\/www.drdenck.de\/drdenck\/wp-content\/uploads\/2021\/10\/Ahnen-WZ-300x209.jpeg\" alt=\"\" width=\"250\" height=\"174\" srcset=\"https:\/\/www.drdenck.de\/drdenck\/wp-content\/uploads\/2021\/10\/Ahnen-WZ-300x209.jpeg 300w, https:\/\/www.drdenck.de\/drdenck\/wp-content\/uploads\/2021\/10\/Ahnen-WZ-1024x715.jpeg 1024w, https:\/\/www.drdenck.de\/drdenck\/wp-content\/uploads\/2021\/10\/Ahnen-WZ-768x536.jpeg 768w, https:\/\/www.drdenck.de\/drdenck\/wp-content\/uploads\/2021\/10\/Ahnen-WZ-1536x1072.jpeg 1536w, https:\/\/www.drdenck.de\/drdenck\/wp-content\/uploads\/2021\/10\/Ahnen-WZ-2048x1430.jpeg 2048w\" sizes=\"auto, (max-width: 250px) 100vw, 250px\" \/>\u00a0\u00a0\u00a0<\/a> <a href=\"https:\/\/www.drdenck.de\/drdenck\/wp-content\/uploads\/2021\/10\/Praxis2-scaled.jpeg\"><img loading=\"lazy\" decoding=\"async\" class=\"alignnone  wp-image-446\" src=\"https:\/\/www.drdenck.de\/drdenck\/wp-content\/uploads\/2021\/10\/Praxis2-300x200.jpeg\" alt=\"\" width=\"260\" height=\"173\" srcset=\"https:\/\/www.drdenck.de\/drdenck\/wp-content\/uploads\/2021\/10\/Praxis2-300x200.jpeg 300w, https:\/\/www.drdenck.de\/drdenck\/wp-content\/uploads\/2021\/10\/Praxis2-1024x683.jpeg 1024w, https:\/\/www.drdenck.de\/drdenck\/wp-content\/uploads\/2021\/10\/Praxis2-768x512.jpeg 768w, https:\/\/www.drdenck.de\/drdenck\/wp-content\/uploads\/2021\/10\/Praxis2-1536x1024.jpeg 1536w, https:\/\/www.drdenck.de\/drdenck\/wp-content\/uploads\/2021\/10\/Praxis2-2048x1365.jpeg 2048w\" sizes=\"auto, (max-width: 260px) 100vw, 260px\" \/><\/a><\/p>\n","protected":false},"excerpt":{"rendered":"<p>Krebsfr\u00fcherkennungsuntersuchung Gyn\u00e4kologische Diagnostik Schwangerschaftsbetreuung Diagnostik und Therapie bei Kinderwunsch Impfprophylaxe Fr\u00fcherkennungsuntersuchung der Brust wie\u00a0 Mammasonographie mit hochaufl\u00f6senden Ger\u00e4ten Nachsorge nach Krebserkrankungen Ambulante Chemotherapie \u00a0 \u00a0 \u00a0\u00a0\u00a0<\/p>\n","protected":false},"author":1,"featured_media":0,"parent":0,"menu_order":20,"comment_status":"closed","ping_status":"closed","template":"","meta":{"footnotes":""},"class_list":["post-11","page","type-page","status-publish","hentry"],"_links":{"self":[{"href":"https:\/\/www.drdenck.de\/drdenck\/wp-json\/wp\/v2\/pages\/11","targetHints":{"allow":["GET"]}}],"collection":[{"href":"https:\/\/www.drdenck.de\/drdenck\/wp-json\/wp\/v2\/pages"}],"about":[{"href":"https:\/\/www.drdenck.de\/drdenck\/wp-json\/wp\/v2\/types\/page"}],"author":[{"embeddable":true,"href":"https:\/\/www.drdenck.de\/drdenck\/wp-json\/wp\/v2\/users\/1"}],"replies":[{"embeddable":true,"href":"https:\/\/www.drdenck.de\/drdenck\/wp-json\/wp\/v2\/comments?post=11"}],"version-history":[{"count":7,"href":"https:\/\/www.drdenck.de\/drdenck\/wp-json\/wp\/v2\/pages\/11\/revisions"}],"predecessor-version":[{"id":522,"href":"https:\/\/www.drdenck.de\/drdenck\/wp-json\/wp\/v2\/pages\/11\/revisions\/522"}],"wp:attachment":[{"href":"https:\/\/www.drdenck.de\/drdenck\/wp-json\/wp\/v2\/media?parent=11"}],"curies":[{"name":"wp","href":"https:\/\/api.w.org\/{rel}","templated":true}]}}