{"id":13,"date":"2015-05-26T16:35:48","date_gmt":"2015-05-26T14:35:48","guid":{"rendered":"http:\/\/www.drdenck.de\/drdenck\/?page_id=13"},"modified":"2026-01-23T07:10:48","modified_gmt":"2026-01-23T06:10:48","slug":"team","status":"publish","type":"page","link":"https:\/\/www.drdenck.de\/drdenck\/team\/","title":{"rendered":"Team"},"content":{"rendered":"<p><a href=\"https:\/\/www.drdenck.de\/drdenck\/wp-content\/uploads\/2021\/10\/Doc2-1-scaled.jpeg\"><img loading=\"lazy\" decoding=\"async\" class=\"alignnone size-medium wp-image-426\" src=\"https:\/\/www.drdenck.de\/drdenck\/wp-content\/uploads\/2021\/10\/Doc2-1-200x300.jpeg\" alt=\"\" width=\"200\" height=\"300\" srcset=\"https:\/\/www.drdenck.de\/drdenck\/wp-content\/uploads\/2021\/10\/Doc2-1-200x300.jpeg 200w, https:\/\/www.drdenck.de\/drdenck\/wp-content\/uploads\/2021\/10\/Doc2-1-683x1024.jpeg 683w, https:\/\/www.drdenck.de\/drdenck\/wp-content\/uploads\/2021\/10\/Doc2-1-768x1152.jpeg 768w, https:\/\/www.drdenck.de\/drdenck\/wp-content\/uploads\/2021\/10\/Doc2-1-1024x1536.jpeg 1024w, https:\/\/www.drdenck.de\/drdenck\/wp-content\/uploads\/2021\/10\/Doc2-1-1365x2048.jpeg 1365w, https:\/\/www.drdenck.de\/drdenck\/wp-content\/uploads\/2021\/10\/Doc2-1-scaled.jpeg 1706w\" sizes=\"auto, (max-width: 200px) 100vw, 200px\" \/> \u00a0<\/a><strong>Dr. med. Dieter Denck<\/strong>\u00a0|<\/p>\n<p>Facharzt f\u00fcr Gyn\u00e4kologie und Geburtshilfe<\/p>\n<p>Onkologisch Veranwortlicher Arzt<br \/>DEGUM II Mammasonographie<\/p>\n<p><a href=\"https:\/\/www.drdenck.de\/drdenck\/wp-content\/uploads\/2021\/10\/Muellerin-scaled.jpeg\"><img loading=\"lazy\" decoding=\"async\" class=\"alignnone size-medium wp-image-435\" src=\"https:\/\/www.drdenck.de\/drdenck\/wp-content\/uploads\/2021\/10\/Muellerin-200x300.jpeg\" alt=\"\" width=\"200\" height=\"300\" srcset=\"https:\/\/www.drdenck.de\/drdenck\/wp-content\/uploads\/2021\/10\/Muellerin-200x300.jpeg 200w, https:\/\/www.drdenck.de\/drdenck\/wp-content\/uploads\/2021\/10\/Muellerin-683x1024.jpeg 683w, https:\/\/www.drdenck.de\/drdenck\/wp-content\/uploads\/2021\/10\/Muellerin-768x1152.jpeg 768w, https:\/\/www.drdenck.de\/drdenck\/wp-content\/uploads\/2021\/10\/Muellerin-1024x1536.jpeg 1024w, https:\/\/www.drdenck.de\/drdenck\/wp-content\/uploads\/2021\/10\/Muellerin-1365x2048.jpeg 1365w, https:\/\/www.drdenck.de\/drdenck\/wp-content\/uploads\/2021\/10\/Muellerin-scaled.jpeg 1707w\" sizes=\"auto, (max-width: 200px) 100vw, 200px\" \/> \u00a0<\/a><strong>Christiane M\u00fcller<\/strong><\/p>\n<p>Fach\u00e4rztin f\u00fcr Gyn\u00e4kologie und Geburtshilfe<\/p>\n<p><a href=\"https:\/\/www.drdenck.de\/drdenck\/wp-content\/uploads\/2025\/02\/Bild-Maria.jpg\"><img loading=\"lazy\" decoding=\"async\" class=\"alignnone size-medium wp-image-524\" src=\"https:\/\/www.drdenck.de\/drdenck\/wp-content\/uploads\/2025\/02\/Bild-Maria-189x300.jpg\" alt=\"\" width=\"189\" height=\"300\" srcset=\"https:\/\/www.drdenck.de\/drdenck\/wp-content\/uploads\/2025\/02\/Bild-Maria-189x300.jpg 189w, https:\/\/www.drdenck.de\/drdenck\/wp-content\/uploads\/2025\/02\/Bild-Maria-644x1024.jpg 644w, https:\/\/www.drdenck.de\/drdenck\/wp-content\/uploads\/2025\/02\/Bild-Maria-768x1221.jpg 768w, https:\/\/www.drdenck.de\/drdenck\/wp-content\/uploads\/2025\/02\/Bild-Maria-966x1536.jpg 966w, https:\/\/www.drdenck.de\/drdenck\/wp-content\/uploads\/2025\/02\/Bild-Maria-1288x2048.jpg 1288w, https:\/\/www.drdenck.de\/drdenck\/wp-content\/uploads\/2025\/02\/Bild-Maria.jpg 1309w\" sizes=\"auto, (max-width: 189px) 100vw, 189px\" \/>\u00a0 <strong>Maria Denck<\/strong><\/a><\/p>\n<p>Fach\u00e4rztin f\u00fcr Gyn\u00e4kologie und Geburtshilfe<\/p>\n<p><a href=\"https:\/\/www.drdenck.de\/drdenck\/wp-content\/uploads\/2021\/10\/Ina-2-1-scaled.jpeg\"><img loading=\"lazy\" decoding=\"async\" class=\"alignnone size-medium wp-image-427\" src=\"https:\/\/www.drdenck.de\/drdenck\/wp-content\/uploads\/2021\/10\/Ina-2-1-200x300.jpeg\" alt=\"\" width=\"200\" height=\"300\" srcset=\"https:\/\/www.drdenck.de\/drdenck\/wp-content\/uploads\/2021\/10\/Ina-2-1-200x300.jpeg 200w, https:\/\/www.drdenck.de\/drdenck\/wp-content\/uploads\/2021\/10\/Ina-2-1-683x1024.jpeg 683w, https:\/\/www.drdenck.de\/drdenck\/wp-content\/uploads\/2021\/10\/Ina-2-1-768x1152.jpeg 768w, https:\/\/www.drdenck.de\/drdenck\/wp-content\/uploads\/2021\/10\/Ina-2-1-1024x1536.jpeg 1024w, https:\/\/www.drdenck.de\/drdenck\/wp-content\/uploads\/2021\/10\/Ina-2-1-1365x2048.jpeg 1365w, https:\/\/www.drdenck.de\/drdenck\/wp-content\/uploads\/2021\/10\/Ina-2-1-scaled.jpeg 1707w\" sizes=\"auto, (max-width: 200px) 100vw, 200px\" \/>\u00a0<\/a> <strong>Ina Grothe<\/strong> |<\/p>\n<p>Examinierte Krankenschwester<\/p>\n<p>Arzthelferin<br \/>Onkologische Fachschwester<br \/>Praxisorganisation<\/p>\n<p><a href=\"https:\/\/www.drdenck.de\/drdenck\/wp-content\/uploads\/2021\/10\/Antje-scaled.jpeg\"><img loading=\"lazy\" decoding=\"async\" class=\"alignnone size-medium wp-image-428\" src=\"https:\/\/www.drdenck.de\/drdenck\/wp-content\/uploads\/2021\/10\/Antje-200x300.jpeg\" alt=\"\" width=\"200\" height=\"300\" srcset=\"https:\/\/www.drdenck.de\/drdenck\/wp-content\/uploads\/2021\/10\/Antje-200x300.jpeg 200w, https:\/\/www.drdenck.de\/drdenck\/wp-content\/uploads\/2021\/10\/Antje-683x1024.jpeg 683w, https:\/\/www.drdenck.de\/drdenck\/wp-content\/uploads\/2021\/10\/Antje-768x1152.jpeg 768w, https:\/\/www.drdenck.de\/drdenck\/wp-content\/uploads\/2021\/10\/Antje-1024x1536.jpeg 1024w, https:\/\/www.drdenck.de\/drdenck\/wp-content\/uploads\/2021\/10\/Antje-1365x2048.jpeg 1365w, https:\/\/www.drdenck.de\/drdenck\/wp-content\/uploads\/2021\/10\/Antje-scaled.jpeg 1707w\" sizes=\"auto, (max-width: 200px) 100vw, 200px\" \/> <\/a><strong>Antje Nikolai<\/strong> |<\/p>\n<p>Anmeldung<\/p>\n<p>med. Fachangestellte\u00a0 \u00a0 \u00a0 \u00a0 \u00a0 \u00a0 \u00a0 \u00a0 \u00a0 \u00a0 \u00a0 \u00a0 \u00a0 \u00a0 \u00a0 \u00a0 \u00a0 \u00a0 \u00a0 \u00a0 \u00a0 \u00a0 \u00a0 \u00a0 \u00a0 \u00a0 \u00a0 \u00a0 \u00a0 \u00a0 \u00a0 \u00a0 \u00a0 \u00a0 \u00a0 \u00a0 \u00a0 \u00a0 \u00a0 \u00a0 \u00a0 \u00a0 \u00a0 \u00a0 \u00a0 \u00a0 \u00a0 \u00a0 \u00a0 \u00a0 \u00a0 \u00a0 \u00a0 \u00a0 \u00a0 \u00a0 \u00a0 \u00a0 \u00a0 \u00a0 \u00a0 Onkologische Fachschwester<\/p>\n<p>Qualit\u00e4ts-Management-Beauftrag<wbr \/>te\u00a0 \u00a0 \u00a0 \u00a0 \u00a0 \u00a0 \u00a0 \u00a0 \u00a0 \u00a0 \u00a0 \u00a0 \u00a0 \u00a0 \u00a0 \u00a0 \u00a0 \u00a0 \u00a0 \u00a0 \u00a0 \u00a0 \u00a0 \u00a0 \u00a0 \u00a0 \u00a0 \u00a0 \u00a0 \u00a0 \u00a0 \u00a0 \u00a0 \u00a0 \u00a0 \u00a0 \u00a0 \u00a0 \u00a0 \u00a0 \u00a0 \u00a0 \u00a0 \u00a0 \u00a0 \u00a0 \u00a0 \u00a0 \u00a0 \u00a0 \u00a0 \u00a0 \u00a0 \u00a0 \u00a0 \u00a0 Disease- Management- Programm-Beauftragte<\/p>\n<p><strong>\u00a0<\/strong><\/p>\n<p><strong><a href=\"https:\/\/www.drdenck.de\/drdenck\/wp-content\/uploads\/2025\/01\/Bild-von-Birgit.jpg\"><img loading=\"lazy\" decoding=\"async\" class=\"alignnone size-full wp-image-512\" src=\"https:\/\/www.drdenck.de\/drdenck\/wp-content\/uploads\/2025\/01\/Bild-von-Birgit.jpg\" alt=\"\" width=\"180\" height=\"240\" \/>\u00a0 Birgit F\u00fcchsel<\/a><\/strong><\/p>\n<p>med. Fachangestellte<\/p>\n<p><strong>\u00a0<\/strong><\/p>\n<p><a href=\"https:\/\/www.drdenck.de\/drdenck\/wp-content\/uploads\/2018\/04\/11848_223_Q_R.jpg\"><img loading=\"lazy\" decoding=\"async\" class=\"alignnone size-medium wp-image-199\" src=\"https:\/\/www.drdenck.de\/drdenck\/wp-content\/uploads\/2018\/04\/11848_223_Q_R-300x300.jpg\" alt=\"\" width=\"300\" height=\"300\" srcset=\"https:\/\/www.drdenck.de\/drdenck\/wp-content\/uploads\/2018\/04\/11848_223_Q_R-300x300.jpg 300w, https:\/\/www.drdenck.de\/drdenck\/wp-content\/uploads\/2018\/04\/11848_223_Q_R-150x150.jpg 150w, https:\/\/www.drdenck.de\/drdenck\/wp-content\/uploads\/2018\/04\/11848_223_Q_R-768x768.jpg 768w, https:\/\/www.drdenck.de\/drdenck\/wp-content\/uploads\/2018\/04\/11848_223_Q_R-1024x1024.jpg 1024w, https:\/\/www.drdenck.de\/drdenck\/wp-content\/uploads\/2018\/04\/11848_223_Q_R-144x144.jpg 144w\" sizes=\"auto, (max-width: 300px) 100vw, 300px\" \/> <strong>Monika Blask<\/strong><\/a><\/p>\n<p>med. Fachangestellte<\/p>\n\n","protected":false},"excerpt":{"rendered":"<p>\u00a0Dr. med. Dieter Denck\u00a0| Facharzt f\u00fcr Gyn\u00e4kologie und Geburtshilfe Onkologisch Veranwortlicher ArztDEGUM II Mammasonographie \u00a0Christiane M\u00fcller Fach\u00e4rztin f\u00fcr Gyn\u00e4kologie und Geburtshilfe \u00a0 Maria Denck Fach\u00e4rztin f\u00fcr Gyn\u00e4kologie und Geburtshilfe \u00a0 Ina Grothe | Examinierte Krankenschwester ArzthelferinOnkologische FachschwesterPraxisorganisation Antje Nikolai | Anmeldung med. Fachangestellte\u00a0 \u00a0 \u00a0 \u00a0 \u00a0 \u00a0 \u00a0 \u00a0 \u00a0 \u00a0 \u00a0 \u00a0 \u00a0 [&hellip;]<\/p>\n","protected":false},"author":1,"featured_media":0,"parent":0,"menu_order":30,"comment_status":"closed","ping_status":"closed","template":"","meta":{"footnotes":""},"class_list":["post-13","page","type-page","status-publish","hentry"],"_links":{"self":[{"href":"https:\/\/www.drdenck.de\/drdenck\/wp-json\/wp\/v2\/pages\/13","targetHints":{"allow":["GET"]}}],"collection":[{"href":"https:\/\/www.drdenck.de\/drdenck\/wp-json\/wp\/v2\/pages"}],"about":[{"href":"https:\/\/www.drdenck.de\/drdenck\/wp-json\/wp\/v2\/types\/page"}],"author":[{"embeddable":true,"href":"https:\/\/www.drdenck.de\/drdenck\/wp-json\/wp\/v2\/users\/1"}],"replies":[{"embeddable":true,"href":"https:\/\/www.drdenck.de\/drdenck\/wp-json\/wp\/v2\/comments?post=13"}],"version-history":[{"count":40,"href":"https:\/\/www.drdenck.de\/drdenck\/wp-json\/wp\/v2\/pages\/13\/revisions"}],"predecessor-version":[{"id":580,"href":"https:\/\/www.drdenck.de\/drdenck\/wp-json\/wp\/v2\/pages\/13\/revisions\/580"}],"wp:attachment":[{"href":"https:\/\/www.drdenck.de\/drdenck\/wp-json\/wp\/v2\/media?parent=13"}],"curies":[{"name":"wp","href":"https:\/\/api.w.org\/{rel}","templated":true}]}}