{"id":17,"date":"2015-05-26T16:36:43","date_gmt":"2015-05-26T14:36:43","guid":{"rendered":"http:\/\/www.drdenck.de\/drdenck\/?page_id=17"},"modified":"2019-10-23T09:41:31","modified_gmt":"2019-10-23T07:41:31","slug":"impressum","status":"publish","type":"page","link":"https:\/\/www.drdenck.de\/drdenck\/impressum\/","title":{"rendered":"Impressum"},"content":{"rendered":"<header class=\"entry-header\">\n<h1 class=\"entry-title\">Impressum<\/h1>\n<\/header>\n<div class=\"entry-content\">\n<p><strong>Angaben \u00a7 6 TDG (Teledienstgesetz)<\/strong><\/p>\n<p>Dr. D. Denck<br \/>\nWendstra\u00dfe 30<br \/>\n39576 Stendal<\/p>\n<p>Tel.: 03931 216074<br \/>\nFax: 03931 794791<br \/>\ne-mail:\u00a0info [@] drdenck [.] de<\/p>\n<p><strong>Verantwortlich f\u00fcr den Inhalt:<\/strong> Dr. med. D. Denck<\/p>\n<p><strong>Gesetzliche Berufsbezeichnung:<\/strong><\/p>\n<ul>\n<li>Dr. med. D. Denck<br \/>\nFacharzt f\u00fcr Gyn\u00e4kologie und Geburtshilfe \u2013 Approbation als Arzt wurde in der DDR\/BRD verliehen<\/li>\n<\/ul>\n<p><strong>Berufsrechtliche Regelung:<\/strong><br \/>\n<a href=\"http:\/\/www.bundesaerztekammer.de\/page.asp?his=1.100.1143&amp;all=true\" target=\"_blank\" rel=\"noopener noreferrer\">Berufsordnung der Bundes\u00e4rztekammer<\/a><br \/>\n<a href=\"http:\/\/www.aeksa.de\/10Recht\/20Rechtsquellen\/index.html\" target=\"_blank\" rel=\"noopener noreferrer\">Berufsordnung der \u00c4rztekammer Sachsen-Anhalt<\/a><\/p>\n<p><strong>Zust\u00e4ndige \u00c4rztekammer Sachsen-Anhalt:<\/strong><br \/>\nDoctor-Eisenbart-Ring 2<br \/>\n39120 Magdeburg<br \/>\nTel.: 0391 605 46<br \/>\nFax: 0391 605 70 00<br \/>\nE-Mail: info@aeksa.de<br \/>\nInternet: <a href=\"http:\/\/www.aeksa.de\/\" target=\"_blank\" rel=\"noopener noreferrer\">\u00c4rztekammer Sachsen-Anhalt<\/a><\/p>\n<p><strong>Zust\u00e4ndige Aufsichtsbeh\u00f6rde:<\/strong><br \/>\nKassen\u00e4rztliche Vereinigung Magdeburg \u2013 K\u00f6rperschaft des \u00f6ffentlichen Rechts<br \/>\nDoctor-Eisenbart-Ring 2<br \/>\n39120 Magdeburg<br \/>\nTel.: 0391 627 \u2013 60 00<br \/>\nFax: 0391 627 \u2013 89 99<br \/>\nE-Mail: info@kvsa.de<br \/>\nInternet: <a href=\"http:\/\/www.kvsa.de\/\" target=\"_blank\" rel=\"noopener noreferrer\">Kassen\u00e4rztliche Vereinigung Sachsen-Anhalt<\/a><\/p>\n<p><strong>Disclaimer<\/strong><\/p>\n<p><strong>Haftung f\u00fcr Inhalte<\/strong><\/p>\n<p>Als Diensteanbieter sind wir gem\u00e4\u00df \u00a7 7 Abs.1 TMG f\u00fcr eigene Inhalte auf diesen Seiten nach den allgemeinen Gesetzen verantwortlich. Nach \u00a7\u00a7 8 bis 10 TMG sind wir als Diensteanbieter jedoch nicht verpflichtet, \u00fcbermittelte oder gespeicherte fremde Informationen zu \u00fcberwachen oder nach Umst\u00e4nden zu forschen, die auf eine rechtswidrige T\u00e4tigkeit hinweisen. Verpflichtungen zur Entfernung oder Sperrung der Nutzung von Informationen nach den allgemeinen Gesetzen bleiben hiervon unber\u00fchrt. Eine diesbez\u00fcgliche Haftung ist jedoch erst ab dem Zeitpunkt der Kenntnis einer konkreten Rechtsverletzung m\u00f6glich. Bei Bekanntwerden von entsprechenden Rechtsverletzungen werden wir diese Inhalte umgehend entfernen.<\/p>\n<p><strong>Haftung f\u00fcr Links<\/strong><\/p>\n<p>Unser Angebot enth\u00e4lt Links zu externen Webseiten Dritter, auf deren Inhalte wir keinen Einfluss haben. Deshalb k\u00f6nnen wir f\u00fcr diese fremden Inhalte auch keine Gew\u00e4hr \u00fcbernehmen. F\u00fcr die Inhalte der verlinkten Seiten ist stets der jeweilige Anbieter oder Betreiber der Seiten verantwortlich. Die verlinkten Seiten wurden zum Zeitpunkt der Verlinkung auf m\u00f6gliche Rechtsverst\u00f6\u00dfe \u00fcberpr\u00fcft. Rechtswidrige Inhalte waren zum Zeitpunkt der Verlinkung nicht erkennbar. Eine permanente inhaltliche Kontrolle der verlinkten Seiten ist jedoch ohne konkrete Anhaltspunkte einer Rechtsverletzung nicht zumutbar. Bei Bekanntwerden von Rechtsverletzungen werden wir derartige Links umgehend entfernen.<\/p>\n<p><strong>Urheberrecht<\/strong><\/p>\n<p>Die durch die Seitenbetreiber erstellten Inhalte und Werke auf diesen Seiten unterliegen dem deutschen Urheberrecht. Die Vervielf\u00e4ltigung, Bearbeitung, Verbreitung und jede Art der Verwertung au\u00dferhalb der Grenzen des Urheberrechtes bed\u00fcrfen der schriftlichen Zustimmung des jeweiligen Autors bzw. Erstellers. Downloads und Kopien dieser Seite sind nur f\u00fcr den privaten, nicht kommerziellen Gebrauch gestattet. Soweit die Inhalte auf dieser Seite nicht vom Betreiber erstellt wurden, werden die Urheberrechte Dritter beachtet. Insbesondere werden Inhalte Dritter als solche gekennzeichnet. Sollten Sie trotzdem auf eine Urheberrechtsverletzung aufmerksam werden, bitten wir um einen entsprechenden Hinweis. Bei Bekanntwerden von Rechtsverletzungen werden wir derartige Inhalte umgehend entfernen.<\/p>\n<p>Quelle: eRecht24<\/p>\n<\/div>\n","protected":false},"excerpt":{"rendered":"<p>Impressum Angaben \u00a7 6 TDG (Teledienstgesetz) Dr. D. Denck Wendstra\u00dfe 30 39576 Stendal Tel.: 03931 216074 Fax: 03931 794791 e-mail:\u00a0info [@] drdenck [.] de Verantwortlich f\u00fcr den Inhalt: Dr. med. D. Denck Gesetzliche Berufsbezeichnung: Dr. med. D. Denck Facharzt f\u00fcr Gyn\u00e4kologie und Geburtshilfe \u2013 Approbation als Arzt wurde in der DDR\/BRD verliehen Berufsrechtliche Regelung: Berufsordnung [&hellip;]<\/p>\n","protected":false},"author":1,"featured_media":0,"parent":0,"menu_order":90,"comment_status":"closed","ping_status":"closed","template":"","meta":{"footnotes":""},"class_list":["post-17","page","type-page","status-publish","hentry"],"_links":{"self":[{"href":"https:\/\/www.drdenck.de\/drdenck\/wp-json\/wp\/v2\/pages\/17","targetHints":{"allow":["GET"]}}],"collection":[{"href":"https:\/\/www.drdenck.de\/drdenck\/wp-json\/wp\/v2\/pages"}],"about":[{"href":"https:\/\/www.drdenck.de\/drdenck\/wp-json\/wp\/v2\/types\/page"}],"author":[{"embeddable":true,"href":"https:\/\/www.drdenck.de\/drdenck\/wp-json\/wp\/v2\/users\/1"}],"replies":[{"embeddable":true,"href":"https:\/\/www.drdenck.de\/drdenck\/wp-json\/wp\/v2\/comments?post=17"}],"version-history":[{"count":4,"href":"https:\/\/www.drdenck.de\/drdenck\/wp-json\/wp\/v2\/pages\/17\/revisions"}],"predecessor-version":[{"id":338,"href":"https:\/\/www.drdenck.de\/drdenck\/wp-json\/wp\/v2\/pages\/17\/revisions\/338"}],"wp:attachment":[{"href":"https:\/\/www.drdenck.de\/drdenck\/wp-json\/wp\/v2\/media?parent=17"}],"curies":[{"name":"wp","href":"https:\/\/api.w.org\/{rel}","templated":true}]}}