{"id":215,"date":"2015-05-25T14:47:55","date_gmt":"2015-05-25T12:47:55","guid":{"rendered":"http:\/\/www.drdenck.de\/mammo\/?page_id=215"},"modified":"2024-07-05T10:18:25","modified_gmt":"2024-07-05T08:18:25","slug":"nord-in-stendal","status":"publish","type":"page","link":"https:\/\/www.drdenck.de\/mammo\/regionen-sachsen-anhalt\/region-sachsen-anhalt\/nord-in-stendal\/","title":{"rendered":"Nord | Stendal"},"content":{"rendered":"<p><a href=\"https:\/\/www.drdenck.de\/mammo\/wp-content\/uploads\/2015\/05\/DrDenck_Region_Nord_klein.jpg\"><img loading=\"lazy\" decoding=\"async\" class=\"alignright size-medium wp-image-234\" src=\"https:\/\/www.drdenck.de\/mammo\/wp-content\/uploads\/2015\/05\/DrDenck_Region_Nord_klein-291x300.jpg\" alt=\"DrDenck_Region_Nord_klein\" width=\"291\" height=\"300\" srcset=\"https:\/\/www.drdenck.de\/mammo\/wp-content\/uploads\/2015\/05\/DrDenck_Region_Nord_klein-291x300.jpg 291w, https:\/\/www.drdenck.de\/mammo\/wp-content\/uploads\/2015\/05\/DrDenck_Region_Nord_klein.jpg 567w\" sizes=\"auto, (max-width: 291px) 100vw, 291px\" \/><\/a>Am 7. Januar 2008 startete das Mammographie-Screening in der Region Sachsen-Anhalt Nord. Sie umfasst geographisch gesehen die bis zum 30.06.2007 bestehenden Landkreise<\/p>\n<ul>\n<li>Stendal<\/li>\n<li>Altmarkkreis Salzwedel<\/li>\n<li>Ohrekreis<\/li>\n<li>Jerichower Land<\/li>\n<\/ul>\n<p>Umfangreiche personelle und materielle Voraussetzungen wurden geschaffen, um den Anforderungen des anspruchsvollen Screeningprogramms gerecht zu werden. Erfahrene Radiologen, Gyn\u00e4kologen und R\u00f6ntgenassistentinnen wurden zur Durchf\u00fchrung der Screening-Mammographie ausgebildet. Im Dezember 2007 wurde die Screeningeinheit Sachsen-Anhalt Nord durch die Kooperationsgemeinschaft Mammographie zertifiziert. Die Zertifizierung garantiert h\u00f6chste Kompetenz in der Durchf\u00fchrung der Fr\u00fcherkennungsuntersuchung.<\/p>\n<div id=\"attachment_236\" style=\"width: 140px\" class=\"wp-caption alignleft\"><a href=\"https:\/\/www.drdenck.de\/mammo\/wp-content\/uploads\/2015\/05\/DrDenck_DrDenck_web.jpg\"><img loading=\"lazy\" decoding=\"async\" aria-describedby=\"caption-attachment-236\" class=\"wp-image-236\" src=\"https:\/\/www.drdenck.de\/mammo\/wp-content\/uploads\/2015\/05\/DrDenck_DrDenck_web-245x300.jpg\" alt=\"Dr. med. Dieter Denck\" width=\"130\" height=\"159\" srcset=\"https:\/\/www.drdenck.de\/mammo\/wp-content\/uploads\/2015\/05\/DrDenck_DrDenck_web-245x300.jpg 245w, https:\/\/www.drdenck.de\/mammo\/wp-content\/uploads\/2015\/05\/DrDenck_DrDenck_web.jpg 567w\" sizes=\"auto, (max-width: 130px) 100vw, 130px\" \/><\/a><p id=\"caption-attachment-236\" class=\"wp-caption-text\">Dr. med. Dieter Denck<\/p><\/div>\n<p>Die Screeninguntersuchungen werden zun\u00e4chst im Hufelandhaus, Wendstra\u00dfe 30 in Stendal erbracht.<\/p>\n<p>Der Programmverantwortliche Arzt ist Herr Dr. med. Dieter Denck, Facharzt f\u00fcr Frauenheilkunde und Geburtshilfe.<\/p>\n<p>Um eine m\u00f6glichst wohnortnahe Diagnostik zu erm\u00f6glichen und den Zugang zur kostenfreien Fr\u00fcherkennungsuntersuchung zu gew\u00e4hrleisten, wird ab Ende M\u00e4rz 2008 das Mamma-Mobil eingesetzt. Dies ist eine fahrende Mammographie-Einheit, die volldigital ausgestattet ist. Es wird in den St\u00e4dten und Gemeinden der Region Sachsen-Anhalt Nord stationiert, beginnend mit Haldensleben.<\/p>\n<p>&nbsp;<\/p>\n<p><strong>So finden Sie uns:<\/strong><br \/>\nFolgen Sie in Stendal der Ausschilderung &#8222;Krankenhaus&#8220;. Im Anschluss an das Johanniter Krankenhaus befindet sich in der Wendstra\u00dfe 30 &#8211; das Hufelandhaus. Dort finden Sie uns in der 3. Etage. Im Eingangsbereich ist die Winckelmann-Apotheke gleich zu sehen.<\/p>\n<p><strong>Unsere Adresse:<\/strong><br \/>\nMammographie-Screening Sachsen-Anhalt Nord<br \/>\nDr. D. Denck, Dr. H. Lindekamm<br \/>\n\u00c4rzte Partnerschaft<br \/>\nWendstra\u00dfe 30<br \/>\n39576 Stendal<\/p>\n<p>Tel.: 03931 251689<br \/>\nFax: 03931 794791<br \/>\nE-mail: screening-nord@gmx.de<\/p>\n<p><strong>Terminw\u00fcnsche bitte nur \u00fcber die Zentrale Stelle Bremen, Tel.: (04 21) 36 11 49 49 abwickeln.<\/strong><\/p>\n","protected":false},"excerpt":{"rendered":"<p>Am 7. Januar 2008 startete das Mammographie-Screening in der Region Sachsen-Anhalt Nord. Sie umfasst geographisch gesehen die bis zum 30.06.2007 bestehenden Landkreise Stendal Altmarkkreis Salzwedel Ohrekreis Jerichower Land Umfangreiche personelle und materielle Voraussetzungen wurden geschaffen, um den Anforderungen des anspruchsvollen Screeningprogramms gerecht zu werden. Erfahrene Radiologen, Gyn\u00e4kologen und R\u00f6ntgenassistentinnen wurden zur Durchf\u00fchrung der Screening-Mammographie ausgebildet. [&hellip;]<\/p>\n","protected":false},"author":1,"featured_media":0,"parent":79,"menu_order":10,"comment_status":"closed","ping_status":"closed","template":"","meta":{"ngg_post_thumbnail":0,"footnotes":""},"class_list":["post-215","page","type-page","status-publish","hentry"],"_links":{"self":[{"href":"https:\/\/www.drdenck.de\/mammo\/wp-json\/wp\/v2\/pages\/215","targetHints":{"allow":["GET"]}}],"collection":[{"href":"https:\/\/www.drdenck.de\/mammo\/wp-json\/wp\/v2\/pages"}],"about":[{"href":"https:\/\/www.drdenck.de\/mammo\/wp-json\/wp\/v2\/types\/page"}],"author":[{"embeddable":true,"href":"https:\/\/www.drdenck.de\/mammo\/wp-json\/wp\/v2\/users\/1"}],"replies":[{"embeddable":true,"href":"https:\/\/www.drdenck.de\/mammo\/wp-json\/wp\/v2\/comments?post=215"}],"version-history":[{"count":19,"href":"https:\/\/www.drdenck.de\/mammo\/wp-json\/wp\/v2\/pages\/215\/revisions"}],"predecessor-version":[{"id":1917,"href":"https:\/\/www.drdenck.de\/mammo\/wp-json\/wp\/v2\/pages\/215\/revisions\/1917"}],"up":[{"embeddable":true,"href":"https:\/\/www.drdenck.de\/mammo\/wp-json\/wp\/v2\/pages\/79"}],"wp:attachment":[{"href":"https:\/\/www.drdenck.de\/mammo\/wp-json\/wp\/v2\/media?parent=215"}],"curies":[{"name":"wp","href":"https:\/\/api.w.org\/{rel}","templated":true}]}}