{"id":217,"date":"2015-05-25T14:48:41","date_gmt":"2015-05-25T12:48:41","guid":{"rendered":"http:\/\/www.drdenck.de\/mammo\/?page_id=217"},"modified":"2015-05-26T07:52:45","modified_gmt":"2015-05-26T05:52:45","slug":"ost-in-dessau","status":"publish","type":"page","link":"https:\/\/www.drdenck.de\/mammo\/regionen-sachsen-anhalt\/region-sachsen-anhalt\/ost-in-dessau\/","title":{"rendered":"Ost | Dessau"},"content":{"rendered":"<p><a href=\"https:\/\/www.drdenck.de\/mammo\/wp-content\/uploads\/2015\/05\/DrDenck_Region_Ost_klein.jpg\"><img loading=\"lazy\" decoding=\"async\" class=\"alignright size-full wp-image-251\" src=\"https:\/\/www.drdenck.de\/mammo\/wp-content\/uploads\/2015\/05\/DrDenck_Region_Ost_klein.jpg\" alt=\"DrDenck_Region_Ost_klein\" width=\"283\" height=\"180\" \/><\/a>Die Screening-Einheit Ost umfasst geographisch gesehen die bis zum 30.06.2007 bestehenden Landkreise<\/p>\n<ul>\n<li>Anhalt-Zerbst<\/li>\n<li>Wittenberg<\/li>\n<li>Bitterfeld<\/li>\n<li>K\u00f6then<\/li>\n<li>Bernburg<\/li>\n<li>Kreisfreie Stadt Dessau-Ro\u00dflau<\/li>\n<\/ul>\n<p><strong>Programmverantwortliche \u00c4rzte:<\/strong><\/p>\n<p>Dr. med. Heike Schl\u00f6tzer<br \/>\nDr. med. Andreas Damm<br \/>\nFach\u00e4rzte f\u00fcr Radiologie<br \/>\nAlbrechtstr. 105<br \/>\n06844 Dessau<br \/>\nInformationen: <a href=\"http:\/\/www.brustkrebsvorsorge-dessau.de\">Mammographie-Screening Sachsen-Anhalt Ost<\/a><\/p>\n<p><strong>Terminw\u00fcnsche:<\/strong><\/p>\n<p>Tel.: 0421 361 14 952<br \/>\nFax: 0421 496 15 147<\/p>\n","protected":false},"excerpt":{"rendered":"<p>Die Screening-Einheit Ost umfasst geographisch gesehen die bis zum 30.06.2007 bestehenden Landkreise Anhalt-Zerbst Wittenberg Bitterfeld K\u00f6then Bernburg Kreisfreie Stadt Dessau-Ro\u00dflau Programmverantwortliche \u00c4rzte: Dr. med. Heike Schl\u00f6tzer Dr. med. Andreas Damm Fach\u00e4rzte f\u00fcr Radiologie Albrechtstr. 105 06844 Dessau Informationen: Mammographie-Screening Sachsen-Anhalt Ost Terminw\u00fcnsche: Tel.: 0421 361 14 952 Fax: 0421 496 15 147<\/p>\n","protected":false},"author":1,"featured_media":0,"parent":79,"menu_order":20,"comment_status":"closed","ping_status":"closed","template":"","meta":{"ngg_post_thumbnail":0,"footnotes":""},"class_list":["post-217","page","type-page","status-publish","hentry"],"_links":{"self":[{"href":"https:\/\/www.drdenck.de\/mammo\/wp-json\/wp\/v2\/pages\/217","targetHints":{"allow":["GET"]}}],"collection":[{"href":"https:\/\/www.drdenck.de\/mammo\/wp-json\/wp\/v2\/pages"}],"about":[{"href":"https:\/\/www.drdenck.de\/mammo\/wp-json\/wp\/v2\/types\/page"}],"author":[{"embeddable":true,"href":"https:\/\/www.drdenck.de\/mammo\/wp-json\/wp\/v2\/users\/1"}],"replies":[{"embeddable":true,"href":"https:\/\/www.drdenck.de\/mammo\/wp-json\/wp\/v2\/comments?post=217"}],"version-history":[{"count":10,"href":"https:\/\/www.drdenck.de\/mammo\/wp-json\/wp\/v2\/pages\/217\/revisions"}],"predecessor-version":[{"id":267,"href":"https:\/\/www.drdenck.de\/mammo\/wp-json\/wp\/v2\/pages\/217\/revisions\/267"}],"up":[{"embeddable":true,"href":"https:\/\/www.drdenck.de\/mammo\/wp-json\/wp\/v2\/pages\/79"}],"wp:attachment":[{"href":"https:\/\/www.drdenck.de\/mammo\/wp-json\/wp\/v2\/media?parent=217"}],"curies":[{"name":"wp","href":"https:\/\/api.w.org\/{rel}","templated":true}]}}