{"id":37,"date":"2014-08-11T19:46:42","date_gmt":"2014-08-11T17:46:42","guid":{"rendered":"http:\/\/www.drdenck.de\/mammo\/?page_id=37"},"modified":"2018-12-13T10:24:40","modified_gmt":"2018-12-13T08:24:40","slug":"untersuchung","status":"publish","type":"page","link":"https:\/\/www.drdenck.de\/mammo\/mammographie\/untersuchung\/","title":{"rendered":"Untersuchung"},"content":{"rendered":"<p><strong>Ihre erste Screening-Untersuchung<\/strong><\/p>\n<p><strong>Wie Sie sich vorbereiten k\u00f6nnen<\/strong><\/p>\n<p>Sie sollten am Tag der Untersuchung Kleidung tragen, die Sie leicht ablegen k\u00f6nnen, da Sie sich bis zur Taille f\u00fcr die Untersuchung ausziehen m\u00fcssen. Bitte benutzen Sie auch kein Deodorant, denn dieses kann R\u00fcckst\u00e4nde auf der Haut hinterlassen, die Schatten auf den Bildern erzeugen. Zu Ihrem Untersuchungstermin bringen Sie bitte Ihre Versichertenkarte mit.<\/p>\n<p><strong>Ihr Termin f\u00fcr die Screening-Mammographie<\/strong><\/p>\n<p>Wenn Sie sich am Empfang gemeldet haben, werden Sie gebeten, einen Fragebogen auszuf\u00fcllen. Der Bogen dient unter anderem dazu, Ihre pers\u00f6nlichen Daten zu erfassen und m\u00f6gliche Vorerkrankungen zu erfragen.<\/p>\n<p>Untersucht werden Sie von einer R\u00f6ntgenassistentin. Sie nimmt Sie in Empfang, erkl\u00e4rt Ihnen den Ablauf der Untersuchung und befragt Sie nach m\u00f6glichen Beschwerden oder Erkrankungen der Brust. Dabei geht die Assistentin mit Ihnen gemeinsam den Anamnesebogen durch. Haben Sie Fragen zur Mammographie, beantwortet die Assistentin sie gern.<\/p>\n<p><strong>Was passiert bei der Mammographie?<\/strong><\/p>\n<p>Die Mammographie selbst ist eine einfache und schnelle Untersuchung, sie dauert nur wenige Minuten. Dazu legt die Assistentin Ihre Brust zwischen zwei strahlendurchl\u00e4ssigen Plexiglasplatten, die dann kurz zusammengedr\u00fcckt werden. Dieses Zusammendr\u00fccken kann unangenehm, manchmal auch schmerzhaft sein. Der Druck ist aber notwendig, um das Gewebe besser darstellen zu k\u00f6nnen. So k\u00f6nnen bei m\u00f6glichst geringer Strahlenbelastung gut beurteilbare Bilder erzielt werden.<br>Von jeder Brust werden zwei Aufnahmen angefertigt &#8211; einmal von oben nach unten und einmal schr\u00e4g von der Mitte her zur Seite. Ihre Aufnahmen beurteilen immer mindestens zwei besonders erfahrene und geschulte \u00c4rzte. Die \u00c4rzte vergleichen die beiden zweidimensionalen Schwarzwei\u00dfaufnahmen miteinander, um einen r\u00e4umlichen Eindruck von der Struktur und m\u00f6glichen Ver\u00e4nderungen zu bekommen.<\/p>\n<p><strong>Wann bekommen Sie das Ergebnis?<\/strong><\/p>\n<p>Da jede Ihrer Aufnahmen von mindestens zwei \u00c4rzten beurteilt wird, erhalten Sie das Untersuchungsergebnis nicht am gleichen Tag, sondern in der Regel innerhalb von sieben Werktagen nach der Untersuchung.<br>Bei etwa 95 Prozent aller Frauen zeigt die Mammographie keinen Hinweis auf Brustkrebs. In dem Fall werden Sie schriftlich benachrichtigt und in zwei Jahren erneut zum Mammographie-Screening eingeladen.<\/p>\n<p><strong>Was passiert im Fall der F\u00e4lle?<\/strong><\/p>\n<p>Zeigen sich in der R\u00f6ntgenaufnahme Ver\u00e4nderungen, die auf eine Brustkrebserkrankung hinweisen, sind weitere Untersuchungen notwendig. In diesem Fall bekommen Sie das Ergebnis Ihrer Mammographie und werden gleichzeitig kurzfristig zu weiteren Untersuchungen eingeladen, um die Auff\u00e4lligkeit abzukl\u00e4ren. Die Einladung zu weiteren Untersuchungen sollte Sie nicht zu sehr beunruhigen. Nicht jede Auff\u00e4lligkeit l\u00e4sst auf einen b\u00f6sartigen Tumor schlie\u00dfen. Bisherige Erfahrungen zeigen, dass 80 Prozent der Frauen, die wegen einer auff\u00e4lligen Mammographie erneut eingeladen wurden, keinen Brustkrebs hatten.<\/p>\n<p>Bei der Abkl\u00e4rungsuntersuchung erwartet Sie zun\u00e4chst ein Gespr\u00e4ch mit der \u00c4rztin oder dem Arzt, die\/der die Screening-Einheit leitet. Sie\/er bespricht mit Ihnen Ihre R\u00f6ntgenaufnahmen und informiert Sie \u00fcber die weiteren Untersuchungen, die notwendig sind. Zu dem Gespr\u00e4ch k\u00f6nnen Sie nach R\u00fccksprache mit der \u00c4rztin\/dem Arzt eine Person Ihres Vertrauens mitbringen.<br>Je nach Art der Gewebever\u00e4nderung k\u00f6nnen eine Ultraschalluntersuchung und\/oder zus\u00e4tzliche R\u00f6ntgenaufnahmen notwendig sein. Auch das Abtasten der Brust durch die \u00c4rztin oder den Arzt erfolgt hierbei.<br>Die Ultraschalluntersuchung oder auch Sonographie erlaubt eine erg\u00e4nzende Beurteilung der in der Mammographie entdeckten Auff\u00e4lligkeiten. Bei dieser Untersuchungsmethode werden mittels Schallwellen Bilder vom Brustgewebe erzeugt.<br>Bei einigen Ver\u00e4nderungen ist eine zus\u00e4tzliche R\u00f6ntgenaufnahme der Brust erforderlich &#8211; zum Beipsiel eine Vergr\u00f6\u00dferungsaufnahme. Damit lassen sich bestimmte auff\u00e4llige Gewebebezirke genauer darstellen.<br>Nach Abschluss dieser Untersuchungen bespricht die \u00c4rztin oder der Arzt das Ergebnis mit Ihnen. Bei den meisten Frauen kann bereits zu diesem Zeitpunkt Brustkrebs ausgeschlossen werden.<\/p>\n<p>Bei wenigen Frauen kann allerdings die Entnahme einer Gewebeprobe, eine so genannte Biopsie, erforderlich sein, bevor abschlie\u00dfend eine Diagnose gestellt werden kann. Dazu wird mit einer Hohlnadel etwas Gewebe aus dem auff\u00e4lligen Bezirk der Brust entnommen. Die entsprechende Stelle wird selbstverst\u00e4ndlich \u00f6rtlich bet\u00e4ubt. Die Gewebeproben werden von einer\/m Spezialistin\/Spezialisten beurteilt. Nach wenigen Tagen, wenn das Ergebnis vorliegt, bespricht die \u00c4rztin\/der Arzt das Ergebnis pers\u00f6nlich mit Ihnen. Wenn Sie es w\u00fcnschen, wird selbstverst\u00e4ndlich auch die\/der von Ihnen angegebene \u00c4rztin\/Arzt \u00fcber das Ergebnis informiert.<\/p>\n<p>Das abschlie\u00dfende Ergebnis, Ihren Befund, erhalten Sie in der Regel innerhalb von zwei Wochen nach der Einladung zur ersten Abkl\u00e4rungsuntersuchung. Sollte sich doch der Verdacht auf eine Krebserkrankung best\u00e4tigen, bespricht die \u00c4rztin\/der Arzt, die\/der die Abkl\u00e4rungsuntersuchungen durchgef\u00fchrt hat, das weitere Vorgehen mit Ihnen. Zu diesem Gespr\u00e4ch k\u00f6nnen Sie eine Ihnen vertraute Person mitbringen, sprechen Sie Ihre(n) \u00c4rztin\/Arzt darauf an.<\/p>\n<p><strong>Was Sie noch wissen sollten<\/strong><\/p>\n<p>Die Teilnahme am Mammographie-Screening ist freiwillig. Ob Sie das Angebot der Fr\u00fcherkennungsuntersuchung wahrnehmen oder nicht, entscheiden Sie.<\/p>\n<p><strong>Sie haben ein empfindliches Brustgewebe?<\/strong><\/p>\n<p>Manche Frauen haben besonders in der zweiten Zyklush\u00e4lfte ein schmerzempfindliches Brustgewebe. Der Grund: In der Zeit vor der Periode enth\u00e4lt das Brustgewebe mehr Fl\u00fcssigkeit als zur Zeit der Periode oder in der ersten Woche danach. Reagiert Ihre Brust in der zweiten Zyklush\u00e4lfte sehr empfindlich, sollten Sie sich in den Tagen nach der Regelblutung untersuchen lassen. F\u00fcr Frauen, welche die Menopause hinter sich haben, spielt der Zeitpunkt keine gro\u00dfe Rolle. Werden allerdings Hormone eingenommen, um Beschwerden in den Wechseljahren zu behandeln, kann die Beurteilung erschwert sein. Denn das Brustdr\u00fcsengewebe wird durch die Einnahme von Hormonen dichter &#8211; wie bei Frauen vor der Menopause.<\/p>\n<p>&nbsp;<\/p>\n\n\n<p><\/p>\n","protected":false},"excerpt":{"rendered":"<p>Ihre erste Screening-Untersuchung Wie Sie sich vorbereiten k\u00f6nnen Sie sollten am Tag der Untersuchung Kleidung tragen, die Sie leicht ablegen k\u00f6nnen, da Sie sich bis zur Taille f\u00fcr die Untersuchung ausziehen m\u00fcssen. Bitte benutzen Sie auch kein Deodorant, denn dieses kann R\u00fcckst\u00e4nde auf der Haut hinterlassen, die Schatten auf den Bildern erzeugen. Zu Ihrem Untersuchungstermin [&hellip;]<\/p>\n","protected":false},"author":1,"featured_media":0,"parent":35,"menu_order":5,"comment_status":"closed","ping_status":"closed","template":"","meta":{"ngg_post_thumbnail":0,"footnotes":""},"class_list":["post-37","page","type-page","status-publish","hentry"],"_links":{"self":[{"href":"https:\/\/www.drdenck.de\/mammo\/wp-json\/wp\/v2\/pages\/37","targetHints":{"allow":["GET"]}}],"collection":[{"href":"https:\/\/www.drdenck.de\/mammo\/wp-json\/wp\/v2\/pages"}],"about":[{"href":"https:\/\/www.drdenck.de\/mammo\/wp-json\/wp\/v2\/types\/page"}],"author":[{"embeddable":true,"href":"https:\/\/www.drdenck.de\/mammo\/wp-json\/wp\/v2\/users\/1"}],"replies":[{"embeddable":true,"href":"https:\/\/www.drdenck.de\/mammo\/wp-json\/wp\/v2\/comments?post=37"}],"version-history":[{"count":4,"href":"https:\/\/www.drdenck.de\/mammo\/wp-json\/wp\/v2\/pages\/37\/revisions"}],"predecessor-version":[{"id":1219,"href":"https:\/\/www.drdenck.de\/mammo\/wp-json\/wp\/v2\/pages\/37\/revisions\/1219"}],"up":[{"embeddable":true,"href":"https:\/\/www.drdenck.de\/mammo\/wp-json\/wp\/v2\/pages\/35"}],"wp:attachment":[{"href":"https:\/\/www.drdenck.de\/mammo\/wp-json\/wp\/v2\/media?parent=37"}],"curies":[{"name":"wp","href":"https:\/\/api.w.org\/{rel}","templated":true}]}}