{"id":39,"date":"2014-08-11T19:47:15","date_gmt":"2014-08-11T17:47:15","guid":{"rendered":"http:\/\/www.drdenck.de\/mammo\/?page_id=39"},"modified":"2015-05-26T12:07:24","modified_gmt":"2015-05-26T10:07:24","slug":"vorteile","status":"publish","type":"page","link":"https:\/\/www.drdenck.de\/mammo\/mammographie\/vorteile\/","title":{"rendered":"Vorteile"},"content":{"rendered":"<p><strong>Ihre Vorteile der Mammographie-Untersuchung &#8211; Fr\u00fcherkennung zahlt sich aus<\/strong><\/p>\n<p>Brustkrebs ist die h\u00e4ufigste Krebskrankheit bei Frauen, die meisten erkranken nach dem 50. Lebensjahr daran. Das Mammographie-Screening kann den Krebs in einem Stadium entdecken, in dem er gut behandelbar und heilbar ist. Nehmen viele Frauen an dem Programm teil, lassen sich die Erkenntnisse \u00fcber die Brustkrebsfr\u00fcherkennung ausbauen und die Chancen auf Heilung weiter erh\u00f6hen. Trotz bestm\u00f6glicher Fr\u00fcherkennung k\u00f6nnen wir eines nicht: Ihnen garantieren, dass Sie gesund sind und bleiben. Sie sollten deshalb Ihre Br\u00fcste beobachten und sich regelm\u00e4\u00dfig von Ihrer Frauen\u00e4rztin\/Ihrem Frauenarzt im Rahmen der Krebsvorsorge untersuchen lassen. Was wir aber k\u00f6nnen: Ihre Lebensqualit\u00e4t dadurch steigern, dass Sie auf qualit\u00e4tsgesicherte Befunde vertrauen k\u00f6nnen.<\/p>\n<p>Die Teilnahme am Screening beugt dem Krebs nicht vor. Aber das Mammographie-Screening bietet die Chance, Krebs rechtzeitig zu erkennen, und zwar in einem Stadium, in dem er schonender behandelt werden kann und besser heilbar ist. Die Auseinandersetzung mit dem Thema bietet Ihnen die M\u00f6glichkeit, eine eigene Entscheidung bewusst zu treffen und nimmt Ihnen damit vielleicht ein St\u00fcck weit die Angst vor Brustkrebs.<\/p>\n","protected":false},"excerpt":{"rendered":"<p>Ihre Vorteile der Mammographie-Untersuchung &#8211; Fr\u00fcherkennung zahlt sich aus Brustkrebs ist die h\u00e4ufigste Krebskrankheit bei Frauen, die meisten erkranken nach dem 50. Lebensjahr daran. Das Mammographie-Screening kann den Krebs in einem Stadium entdecken, in dem er gut behandelbar und heilbar ist. Nehmen viele Frauen an dem Programm teil, lassen sich die Erkenntnisse \u00fcber die Brustkrebsfr\u00fcherkennung [&hellip;]<\/p>\n","protected":false},"author":1,"featured_media":0,"parent":35,"menu_order":10,"comment_status":"closed","ping_status":"closed","template":"","meta":{"ngg_post_thumbnail":0,"footnotes":""},"class_list":["post-39","page","type-page","status-publish","hentry"],"_links":{"self":[{"href":"https:\/\/www.drdenck.de\/mammo\/wp-json\/wp\/v2\/pages\/39","targetHints":{"allow":["GET"]}}],"collection":[{"href":"https:\/\/www.drdenck.de\/mammo\/wp-json\/wp\/v2\/pages"}],"about":[{"href":"https:\/\/www.drdenck.de\/mammo\/wp-json\/wp\/v2\/types\/page"}],"author":[{"embeddable":true,"href":"https:\/\/www.drdenck.de\/mammo\/wp-json\/wp\/v2\/users\/1"}],"replies":[{"embeddable":true,"href":"https:\/\/www.drdenck.de\/mammo\/wp-json\/wp\/v2\/comments?post=39"}],"version-history":[{"count":2,"href":"https:\/\/www.drdenck.de\/mammo\/wp-json\/wp\/v2\/pages\/39\/revisions"}],"predecessor-version":[{"id":326,"href":"https:\/\/www.drdenck.de\/mammo\/wp-json\/wp\/v2\/pages\/39\/revisions\/326"}],"up":[{"embeddable":true,"href":"https:\/\/www.drdenck.de\/mammo\/wp-json\/wp\/v2\/pages\/35"}],"wp:attachment":[{"href":"https:\/\/www.drdenck.de\/mammo\/wp-json\/wp\/v2\/media?parent=39"}],"curies":[{"name":"wp","href":"https:\/\/api.w.org\/{rel}","templated":true}]}}