{"id":41,"date":"2014-08-11T19:47:41","date_gmt":"2014-08-11T17:47:41","guid":{"rendered":"http:\/\/www.drdenck.de\/mammo\/?page_id=41"},"modified":"2015-05-26T12:09:16","modified_gmt":"2015-05-26T10:09:16","slug":"risiken","status":"publish","type":"page","link":"https:\/\/www.drdenck.de\/mammo\/mammographie\/risiken\/","title":{"rendered":"Risiken"},"content":{"rendered":"<p><strong>Keine Behandlungsmethode ohne kalkulierbare Risiken<\/strong><\/p>\n<p><strong>Wie gef\u00e4hrlich ist die Strahlung f\u00fcr Sie?<\/strong><\/p>\n<p>Wie jede R\u00f6ntgenuntersuchung bringt auch die Mammographie eine Strahlenbelastung mit sich. Sie ist aber sehr gering und betr\u00e4gt etwa zehn Prozent der j\u00e4hrlichen Strahlung, der jeder Mensch in Deutschland in seinem Alltag ausgesetzt ist. In gebirgigen L\u00e4ndern ist die nat\u00fcrliche Strahlung sogar noch h\u00f6her. Und auch Fl\u00fcge haben eine gewisse Strahlenbelastung zur Folge. Die Gefahr, durch die Mammographie Krebs hervorzurufen, ist sehr viel geringer als das Risiko, einen Tumor m\u00f6glicherweise nicht oder zu sp\u00e4t zu entdecken. Zudem nimmt mit zunehmendem Alter auch die Strahlenempfindlichkeit ab.<\/p>\n<p><strong>Zeit des Wartens<\/strong><\/p>\n<p>Werden Sie zu weiteren Untersuchungen eingeladen, um Auff\u00e4lligkeiten abzukl\u00e4ren, kann dies f\u00fcr Sie belastend sein. Zum einen liegt dies an den Untersuchungen selbst, vor allem wenn Gewebeproben entnommen werden m\u00fcssen. Es liegt aber auch daran, dass die Zeit des Wartens, bis das Untersuchungsergebnis vorliegt, beunruhigend sein kann und \u00c4ngste ausl\u00f6st, auch wenn sich in den allermeisten F\u00e4llen der Krebsverdacht nicht best\u00e4tigt. Versuchen Sie, sich abzulenken und sich zu entspannen. Vielleicht hilft Ihnen dabei der Gedanke &#8222;Es ist noch nichts entschieden. Ich warte den Befund jetzt erst einmal ab.&#8220;<\/p>\n<p><strong>Trotz allem &#8211; eine 100%ige Sicherheit gibt es nicht<\/strong><\/p>\n<p>Das Mammographie-Screening hat &#8211; wie jede andere Untersuchungsmethode auch &#8211; keine hundertprozentige Treffsicherheit. So kann es vorkommen, dass ein Tumor nicht erkannt wird. Dennoch stellt das Mammographie-Screening zur Zeit die sicherste Methode dar, Brustkrebs fr\u00fch zu erkennen. Die meisten Frauen, bei denen kein Krebs im Screening entdeckt wird, k\u00f6nnen auch sicher sein, gesund zu sein. Wird ein Tumor entdeckt, dann aber zumeist in einem Stadium, in dem er gut behandelbar und heilbar ist. In manchen, seltenen F\u00e4llen aber ist die Erkrankung trotz fr\u00fchzeitiger Erkennung und Behandlung nicht aufzuhalten.<\/p>\n<p><strong>Was kann Mammographie-Screening leisten, was nicht?<\/strong><\/p>\n<p>Eine Teilnahme am Programm kann Brustkrebs nicht verhindern. Wird aber ein Krebs entdeckt, dann bietet das Screening in der Regel die Vorteile einer Fr\u00fcherkennung: bessere Behandlungs- und Heilungschancen.<\/p>\n","protected":false},"excerpt":{"rendered":"<p>Keine Behandlungsmethode ohne kalkulierbare Risiken Wie gef\u00e4hrlich ist die Strahlung f\u00fcr Sie? Wie jede R\u00f6ntgenuntersuchung bringt auch die Mammographie eine Strahlenbelastung mit sich. Sie ist aber sehr gering und betr\u00e4gt etwa zehn Prozent der j\u00e4hrlichen Strahlung, der jeder Mensch in Deutschland in seinem Alltag ausgesetzt ist. In gebirgigen L\u00e4ndern ist die nat\u00fcrliche Strahlung sogar noch [&hellip;]<\/p>\n","protected":false},"author":1,"featured_media":0,"parent":35,"menu_order":15,"comment_status":"closed","ping_status":"closed","template":"","meta":{"ngg_post_thumbnail":0,"footnotes":""},"class_list":["post-41","page","type-page","status-publish","hentry"],"_links":{"self":[{"href":"https:\/\/www.drdenck.de\/mammo\/wp-json\/wp\/v2\/pages\/41","targetHints":{"allow":["GET"]}}],"collection":[{"href":"https:\/\/www.drdenck.de\/mammo\/wp-json\/wp\/v2\/pages"}],"about":[{"href":"https:\/\/www.drdenck.de\/mammo\/wp-json\/wp\/v2\/types\/page"}],"author":[{"embeddable":true,"href":"https:\/\/www.drdenck.de\/mammo\/wp-json\/wp\/v2\/users\/1"}],"replies":[{"embeddable":true,"href":"https:\/\/www.drdenck.de\/mammo\/wp-json\/wp\/v2\/comments?post=41"}],"version-history":[{"count":2,"href":"https:\/\/www.drdenck.de\/mammo\/wp-json\/wp\/v2\/pages\/41\/revisions"}],"predecessor-version":[{"id":327,"href":"https:\/\/www.drdenck.de\/mammo\/wp-json\/wp\/v2\/pages\/41\/revisions\/327"}],"up":[{"embeddable":true,"href":"https:\/\/www.drdenck.de\/mammo\/wp-json\/wp\/v2\/pages\/35"}],"wp:attachment":[{"href":"https:\/\/www.drdenck.de\/mammo\/wp-json\/wp\/v2\/media?parent=41"}],"curies":[{"name":"wp","href":"https:\/\/api.w.org\/{rel}","templated":true}]}}