{"id":43,"date":"2014-08-11T19:49:01","date_gmt":"2014-08-11T17:49:01","guid":{"rendered":"http:\/\/www.drdenck.de\/mammo\/?page_id=43"},"modified":"2015-05-26T12:10:51","modified_gmt":"2015-05-26T10:10:51","slug":"teilnehmen","status":"publish","type":"page","link":"https:\/\/www.drdenck.de\/mammo\/mammographie\/teilnehmen\/","title":{"rendered":"Teilnehmen"},"content":{"rendered":"<p><strong>Sie m\u00f6chten teilnehmen?<\/strong><\/p>\n<p>Wenn Sie zwischen 50 und 69 Jahre alt sind, werden Sie regelm\u00e4\u00dfig im Abstand von zwei Jahren zum Mammographie-Screening eingeladen. Ihre Anschrift \u00fcbermittelt das amtliche Melderegister dazu an eine zentrale Stelle. Diese Stelle wurde ausschlie\u00dflich f\u00fcr den Versand und die Organisation der Einladungen eingerichtet. Selbstverst\u00e4ndlich werden dabei alle datenschutzrechtlichen Anforderungen eingehalten.<\/p>\n<p><strong>Ihre pers\u00f6nliche Einladung<\/strong><\/p>\n<p>Wird in Ihrer Region das Screening-Programm bereits angeboten, werden Sie pers\u00f6nlich und schriftlich eingeladen. Entscheidend daf\u00fcr ist, wo Sie Ihren Hauptwohnsitz angemeldet haben. In der Einladung wird Ihnen ein Termin genannt und auch die f\u00fcr Sie zust\u00e4ndige Screening-Einheit mit vollst\u00e4ndiger Adresse. Sollten Sie an diesem Tag verhindert sein, k\u00f6nnen Sie den Termin selbstverst\u00e4ndlich verschieben. Dazu wenden Sie sich bitte an die einladende Stelle. Adresse und Telefonnummer der Stelle sind im Briefkopf des Einladungsschreibens abgedruckt.<br \/>\nMit Ihrem Einladungsbrief wird Ihnen eine Brosch\u00fcre zugeschickt, die Sie \u00fcber die Hintergr\u00fcnde, Ziele, Inhalte und den Ablauf des Screening-Programms informiert. Die Teilnahme am Mammographie-Screening ist freiwillig.<\/p>\n<p><strong>Wann sollten Sie Kontakt aufnehmen?<\/strong><\/p>\n<p>Sollten Sie in den letzten zw\u00f6lf Monaten vor der Einladung bereits mammographiert worden sein, nehmen Sie bitte Kontakt zu der einladenden Stelle auf, um das weitere Vorgehen zu besprechen. Haben Sie zum Zeitpunkt der Einladung nachfolgende Beschwerden oder Symptome, wenden Sie sich bitte direkt an Ihre behandelnde \u00c4rztin oder Ihren behandelnden Arzt:<\/p>\n<ul>\n<li>tastbare Knoten,<\/li>\n<li>Dellen oder Verh\u00e4rtungen der Haut,<\/li>\n<li>\u00e4u\u00dferlich sichtbare Verformungen,<\/li>\n<li>Hautver\u00e4nderungen oder Einziehungen der Brustwarze,<\/li>\n<li>Blutungen oder andere fl\u00fcssige Absonderungen aus der Brustwarze.<\/li>\n<\/ul>\n<p>Sie werden bereits aufgrund einer Brustkrebserkrankung behandelt? Dann teilen Sie dies bitte der Stelle mit, die Sie eingeladen hat. Die Ihnen vertrauten \u00c4rzte betreuen Sie dann weiter.<\/p>\n<p><strong>Warum werden nur Frauen von 50 bis 69 Jahren eingeladen?<\/strong><\/p>\n<p>Studien haben gezeigt, dass vor allem Frauen dieser Altersspanne den gr\u00f6\u00dften Nutzen vom Mammographie-Screening haben. Die R\u00f6ntgenaufnahmen von Frauen unter 50 Jahren sind weniger gut zu beurteilen, weil diese Frauen noch dichteres Dr\u00fcsengewebe haben. Zudem nimmt das Risiko, an Brustkrebs zu erkranken, mit zunehmendem Alter zu. Hingegen nimmt das Risiko, an Brustkrebs zu sterben, bei Frauen \u00fcber 70 Jahren ab.<\/p>\n","protected":false},"excerpt":{"rendered":"<p>Sie m\u00f6chten teilnehmen? Wenn Sie zwischen 50 und 69 Jahre alt sind, werden Sie regelm\u00e4\u00dfig im Abstand von zwei Jahren zum Mammographie-Screening eingeladen. Ihre Anschrift \u00fcbermittelt das amtliche Melderegister dazu an eine zentrale Stelle. Diese Stelle wurde ausschlie\u00dflich f\u00fcr den Versand und die Organisation der Einladungen eingerichtet. Selbstverst\u00e4ndlich werden dabei alle datenschutzrechtlichen Anforderungen eingehalten. Ihre [&hellip;]<\/p>\n","protected":false},"author":1,"featured_media":0,"parent":35,"menu_order":20,"comment_status":"closed","ping_status":"closed","template":"","meta":{"ngg_post_thumbnail":0,"footnotes":""},"class_list":["post-43","page","type-page","status-publish","hentry"],"_links":{"self":[{"href":"https:\/\/www.drdenck.de\/mammo\/wp-json\/wp\/v2\/pages\/43","targetHints":{"allow":["GET"]}}],"collection":[{"href":"https:\/\/www.drdenck.de\/mammo\/wp-json\/wp\/v2\/pages"}],"about":[{"href":"https:\/\/www.drdenck.de\/mammo\/wp-json\/wp\/v2\/types\/page"}],"author":[{"embeddable":true,"href":"https:\/\/www.drdenck.de\/mammo\/wp-json\/wp\/v2\/users\/1"}],"replies":[{"embeddable":true,"href":"https:\/\/www.drdenck.de\/mammo\/wp-json\/wp\/v2\/comments?post=43"}],"version-history":[{"count":2,"href":"https:\/\/www.drdenck.de\/mammo\/wp-json\/wp\/v2\/pages\/43\/revisions"}],"predecessor-version":[{"id":328,"href":"https:\/\/www.drdenck.de\/mammo\/wp-json\/wp\/v2\/pages\/43\/revisions\/328"}],"up":[{"embeddable":true,"href":"https:\/\/www.drdenck.de\/mammo\/wp-json\/wp\/v2\/pages\/35"}],"wp:attachment":[{"href":"https:\/\/www.drdenck.de\/mammo\/wp-json\/wp\/v2\/media?parent=43"}],"curies":[{"name":"wp","href":"https:\/\/api.w.org\/{rel}","templated":true}]}}