{"id":47,"date":"2014-08-11T19:51:54","date_gmt":"2014-08-11T17:51:54","guid":{"rendered":"http:\/\/www.drdenck.de\/mammo\/?page_id=47"},"modified":"2015-05-26T12:06:27","modified_gmt":"2015-05-26T10:06:27","slug":"qualitaet","status":"publish","type":"page","link":"https:\/\/www.drdenck.de\/mammo\/mammographie\/qualitaet\/","title":{"rendered":"Qualit\u00e4t"},"content":{"rendered":"<p><strong>Darauf kommt es an: Qualit\u00e4t<\/strong><\/p>\n<p>Mammographie-Screening bedeutet vor allem Qualit\u00e4t &#8211; angefangen bei den Aufnahmen \u00fcber die Genauigkeit der Befunde bis hin zur sorgf\u00e4ltigen Auswertung der Untersuchungsergebnisse. Zu den hohen Qualit\u00e4tsanforderungen, die zu erf\u00fcllen sind, geh\u00f6rt unter anderem:<\/p>\n<ul>\n<li>alle eingesetzten Ger\u00e4te werden t\u00e4glich \u00fcberpr\u00fcft. So k\u00f6nnen aussagekr\u00e4ftige Bilder mit m\u00f6glichst geringer Strahlung aufgenommen werden.<\/li>\n<li>alle R\u00f6ntgenassistentinnen haben ein intensives Training hinter sich, spezielle Kurse absolviert und bilden sich laufend weiter.<\/li>\n<li>aede(r) Screening-\u00c4rztin\/Arzt muss besondere Qualifikationen nachweisen und sich st\u00e4ndig weiter fortbilden. Die \u00c4rzte, die Ihre Mammographie-Bilder beurteilen, m\u00fcssen Aufnahmen von mindestens 5.000 Frauen pro Jahr befunden, weil Routine und Erfahrung die Zuverl\u00e4ssigkeit der Befunde deutlich verbessert.<\/li>\n<li>aede Mammographie-Aufnahme wird von zwei speziell geschulten \u00c4rzten unabh\u00e4ngig voneinander beurteilt. Weichen ihre Befunde voneinander ab, werden die Aufnahmen von einer\/m dritten \u00c4rztin\/Arzt begutachtet.<\/li>\n<li>Auff\u00e4lligkeiten werden von mehreren am Programm beteiligten \u00c4rzten gemeinsam besprochen wie auch das weitere Vorgehen.<\/li>\n<li>aie Qualit\u00e4t des Screenings h\u00e4ngt nicht nur von der Qualifikation jeder\/s einzelnen \u00c4rztin\/Arztes und jeder einzelnen Fachkraft und der Qualit\u00e4t der Ger\u00e4te ab. Entscheidend ist auch eine gut organisierte Zusammenarbeit der Screening-\u00c4rzte untereinander. Regelm\u00e4\u00dfige Teambesprechungen und Konferenzen der Screening-\u00c4rzte und Fachkr\u00e4fte sind daher vorgeschrieben. Die Ergebnisse der Konferenzen werden dokumentiert.<\/li>\n<li>aamit die hohen Qualit\u00e4tsanforderungen auch erf\u00fcllt werden k\u00f6nnen, werden die regionalen Screening-Einheiten bei der Qualit\u00e4tssicherung durch \u00fcbergeordnete Einrichtungen unterst\u00fctzt und laufend von diesen kontrolliert.<\/li>\n<li>alle Ergebnisse des Screening-Programms werden erhoben und ausgewertet.<\/li>\n<\/ul>\n<p><strong>Die Qualit\u00e4t dient dazu, die Ziele des Mammographie-Screenings zu erreichen:<\/strong><\/p>\n<ul>\n<li>Tumore im Fr\u00fchstadium zu entdecken,<\/li>\n<li>im Falle einer Krebskrankheit die Frau besser und schonender behandeln zu k\u00f6nnen und ihre \u00dcberlebenschancen zu verbessern,<\/li>\n<li>die Sterblichkeitsrate an Brustkrebs in der Altersgruppe der 50 bis 69j\u00e4hrigen Frauen zu senken<\/li>\n<\/ul>\n<p><strong>Sie sollen die Gewissheit haben, dass die Vorteile der Mammographie-Untersuchung die Risiken \u00fcberwiegen.<\/strong><\/p>\n<p>Detailliert beschrieben werden die Qualit\u00e4tsanforderungen in den dem Programm zu Grunde liegenden Normentexten. Dies sind: die Krebsfr\u00fcherkennungs-Richtlinien (KFU-RL) und die Anlage 9.2 des Bundesmantelvertrags-\u00c4rzte (BMV-\u00c4)\/Bundesmantelvertrag-\u00c4rzte\/Ersatzkassen (EKV)<\/p>\n","protected":false},"excerpt":{"rendered":"<p>Darauf kommt es an: Qualit\u00e4t Mammographie-Screening bedeutet vor allem Qualit\u00e4t &#8211; angefangen bei den Aufnahmen \u00fcber die Genauigkeit der Befunde bis hin zur sorgf\u00e4ltigen Auswertung der Untersuchungsergebnisse. Zu den hohen Qualit\u00e4tsanforderungen, die zu erf\u00fcllen sind, geh\u00f6rt unter anderem: alle eingesetzten Ger\u00e4te werden t\u00e4glich \u00fcberpr\u00fcft. So k\u00f6nnen aussagekr\u00e4ftige Bilder mit m\u00f6glichst geringer Strahlung aufgenommen werden. alle [&hellip;]<\/p>\n","protected":false},"author":1,"featured_media":0,"parent":35,"menu_order":8,"comment_status":"closed","ping_status":"closed","template":"","meta":{"ngg_post_thumbnail":0,"footnotes":""},"class_list":["post-47","page","type-page","status-publish","hentry"],"_links":{"self":[{"href":"https:\/\/www.drdenck.de\/mammo\/wp-json\/wp\/v2\/pages\/47","targetHints":{"allow":["GET"]}}],"collection":[{"href":"https:\/\/www.drdenck.de\/mammo\/wp-json\/wp\/v2\/pages"}],"about":[{"href":"https:\/\/www.drdenck.de\/mammo\/wp-json\/wp\/v2\/types\/page"}],"author":[{"embeddable":true,"href":"https:\/\/www.drdenck.de\/mammo\/wp-json\/wp\/v2\/users\/1"}],"replies":[{"embeddable":true,"href":"https:\/\/www.drdenck.de\/mammo\/wp-json\/wp\/v2\/comments?post=47"}],"version-history":[{"count":3,"href":"https:\/\/www.drdenck.de\/mammo\/wp-json\/wp\/v2\/pages\/47\/revisions"}],"predecessor-version":[{"id":325,"href":"https:\/\/www.drdenck.de\/mammo\/wp-json\/wp\/v2\/pages\/47\/revisions\/325"}],"up":[{"embeddable":true,"href":"https:\/\/www.drdenck.de\/mammo\/wp-json\/wp\/v2\/pages\/35"}],"wp:attachment":[{"href":"https:\/\/www.drdenck.de\/mammo\/wp-json\/wp\/v2\/media?parent=47"}],"curies":[{"name":"wp","href":"https:\/\/api.w.org\/{rel}","templated":true}]}}