{"id":53,"date":"2014-08-11T19:57:16","date_gmt":"2014-08-11T17:57:16","guid":{"rendered":"http:\/\/www.drdenck.de\/mammo\/?page_id=53"},"modified":"2015-05-26T12:13:08","modified_gmt":"2015-05-26T10:13:08","slug":"fachbegriffe","status":"publish","type":"page","link":"https:\/\/www.drdenck.de\/mammo\/mammographie\/fachbegriffe\/","title":{"rendered":"Fachbegriffe"},"content":{"rendered":"<p>Das Glossar soll zur Erkl\u00e4rung von Fachbegriffen dienen, die im Zusammenhang mit Brustkrebs und dem Mammographie-Screening-Programm verwendet werden.<br \/>\nAuch allgemeine Begriffe werden im Folgenden so erkl\u00e4rt, als w\u00fcrden sie sich auf Brustkrebs und das Mammographie-Screening-Programm beziehen.<\/p>\n<p><strong>Befund<\/strong><br \/>\nMitteilung nach einer Untersuchung, ob ein Verdacht auf Brustkrebs besteht oder nicht<\/p>\n<p><strong>Biopsie<\/strong><br \/>\nGewebeprobe, Entnahme von Gewebe aus der Brust zur weiteren Untersuchung, meist um einen Verdacht auf Brustkrebs abzukl\u00e4ren<\/p>\n<p><strong>Brustzentrum<\/strong><br \/>\nKlinik, die auf die Behandlung von Brustkrebs spezialisiert ist, nach bestandener Qualit\u00e4tspr\u00fcfung &#8222;Zertifiziertes Brustzentrum&#8220;<\/p>\n<p><strong>DCIS<\/strong><br \/>\nDuctales Carcinoma in situ, eine Fr\u00fchform von Brustkrebs, die in der Mammographie besonders gut gesehen wird<\/p>\n<p><strong>Diagnose<\/strong><br \/>\nFeststellung einer Erkrankung, hier von Brustkrebs<\/p>\n<p><strong>Doppelbefundung<\/strong><br \/>\nZeitlich und \u00f6rtlich unabh\u00e4ngig durchgef\u00fchrte Begutachtung der Mammographieaufnahmen von zwei Fach\u00e4rztinnen oder Fach\u00e4rzten<\/p>\n<p><strong>falsch-negativer Befund<\/strong><br \/>\nMitteilung nach einer Untersuchung, dass kein Verdacht auf Brustkrebs besteht, obwohl bereits ein Tumor vorhanden ist<\/p>\n<p><strong>falsch-positiver Befund<\/strong><br \/>\nFehlalarm, Mitteilung, dass ein Verdacht auf Brustkrebs besteht, der sich bei einer Abkl\u00e4rungsuntersuchung nicht best\u00e4tigt<\/p>\n<p><strong>Fehlalarm<\/strong><br \/>\nsiehe falsch-positiver Befund<\/p>\n<p><strong>Gewebeprobe<\/strong><br \/>\nsiehe Biopsie<\/p>\n<p><strong>Graue Mammographie<\/strong><br \/>\nR\u00f6ntgenuntersuchung der Brust bei Frauen ohne Brustkrebsverdacht au\u00dferhalb des Mammographie-Screening-Programms<\/p>\n<p><strong>Intervallkarzinom<\/strong><br \/>\nBrustkrebs, der in den zwei Jahren zwischen den Mammographie-Untersuchungen diagnostiziert wird<\/p>\n<p><strong>Kalkablagerung<\/strong><br \/>\nMikrokalk in den Milchg\u00e4ngen der Brust, der in der Mammographie besonders gut gesehen wird, typisches Anzeichen f\u00fcr DCIS (siehe DCIS)<\/p>\n<p><strong>Krebsvorstufe<\/strong><br \/>\nGewebever\u00e4nderung, die sich zu einem Tumor entwickeln kann<\/p>\n<p><strong>Kooperationsgemeinschaft Mammographie<\/strong><br \/>\nOrganisiert und koordiniert das Mammographie-Screening-Programm und ist mitverantwortlich f\u00fcr die Qualit\u00e4tssicherung des Programms. Sie wird getragen von den gesetzlichen Krankenkassen und der Kassen\u00e4rztlichen Bundesvereinigung<\/p>\n<p><strong>Leitlinie, europ\u00e4ische<\/strong><br \/>\nEmpfehlung europ\u00e4ischer Screening-Experten, welchen Qualit\u00e4tskriterien das Mammographie-Screening-Programm zu folgen hat<\/p>\n<p><strong>Magnetresonanztomographie<\/strong><br \/>\nEhemals Kernspintomographie, strahlenfreies bildgebendes Verfahren zur Darstellung von Geweben im K\u00f6rperinneren<\/p>\n<p><strong>Mammobil<\/strong><br \/>\nFahrbare Mammographie-Einheit mit gleichem Standard wie die station\u00e4re, die in l\u00e4ndlichen Regionen eingesetzt wird, um Frauen kurze Wege zum Screening zu bieten<\/p>\n<p><strong>Mammographie<\/strong><br \/>\nR\u00f6ntgenverfahren zur Durchleuchtung der Brust<\/p>\n<p><strong>Mammographie, analoge<\/strong><br \/>\nDas R\u00f6ntgenbild der Brust wird auf einem R\u00f6ntgenfilm abgebildet und \u00e4hnlich wie die Filme einer analogen Fotokamera chemisch entwickelt<\/p>\n<p><strong>Mammographie, diagnostische<\/strong><br \/>\nR\u00f6ntgenaufnahme der weiblichen Brust, die zur Abkl\u00e4rung bei Verdacht auf Brustkrebs durchgef\u00fchrt wird<\/p>\n<p><strong>Mammographie, digitale<\/strong><br \/>\nDas R\u00f6ntgenbild der Brust wird \u00e4hnlich wie bei einer Digitalkamera auf einem Computer elektronisch gespeichert<\/p>\n<p><strong>Mammographie-Einheit<\/strong><br \/>\nR\u00e4umlichkeiten, in denen die Frauen zur Mammographie im Rahmen des Screening-Programms eingeladen werden<\/p>\n<p><strong>Metastase<\/strong><br \/>\nTochtergeschwulst, Tumorzellen, die sich vom Haupttumor in der Brust gel\u00f6st und an einer anderen Stelle im K\u00f6rper eingenistet haben und dort weiterwachsen<\/p>\n<p><strong>Programmverantwortlicher Arzt<\/strong><br \/>\n\u00c4rztlicher Leiter einer Screening-Einheit<\/p>\n<p><strong>Referenzzentrum<\/strong><br \/>\nF\u00fcnf Zentren der Kooperationsgemeinschaft Mammographie, die mitverantwortlich sind f\u00fcr die Qualit\u00e4tssicherung des Screening-Programms und die \u00c4rztinnen, \u00c4rzte und Assistentinnen schulen, die am Programm beteiligt sind<\/p>\n<p><strong>Radiologische Fachkraft<\/strong><br \/>\nSpeziell geschulte Fachkraft, die die Mammographieaufnahmen macht<\/p>\n<p><strong>R\u00f6ntgenstrahlen<\/strong><br \/>\nKurzwellige elektromagnetische Strahlen, die unterschiedliche Gewebe verschieden gut durchdringen<\/p>\n<p><strong>Screening<\/strong><br \/>\nUntersuchung f\u00fcr alle Menschen einer Altersgruppe ohne Krankheitsanzeichen mit dem Ziel, eine Krankheit so fr\u00fchzeitig zu erkennen, dass sie gut zu behandeln ist<\/p>\n<p><strong>Screening-Einheit<\/strong><br \/>\n94 Zentren, die das Screening-Programm vor Ort durchf\u00fchren, mit jeweils mehreren Standorten f\u00fcr die Mammographie-Untersuchungen. Geleitet wird das Team vom Programmverantwortlichen Arzt beziehungsweise \u00c4rztin<\/p>\n<p><strong>Screening-Mammographie<\/strong><br \/>\nR\u00f6ntgenaufnahme der weiblichen Brust im Rahmen des Mammographie-Screening-Programms zur Fr\u00fcherkennung von Brustkrebs<\/p>\n<p><strong>Selbstabtasten<\/strong><br \/>\nAbtasten der Brust auf knotige Ver\u00e4nderungen, die auf einen Tumor hindeuten k\u00f6nnten<\/p>\n<p><strong>Stanzbiopsie<\/strong><br \/>\nGewebeentnahme aus der Brust mit einer Hohlnadel<\/p>\n<p><strong>Strahlenbelastung<\/strong><br \/>\nDie Menge an R\u00f6ntgenstrahlen, die bei der Mammographie auf das Brustgewebe einwirkt<\/p>\n<p><strong>Tochtergeschwulst<\/strong><br \/>\nsiehe Metastase<\/p>\n<p><strong>Tumor<\/strong><br \/>\nKrebsgeschwulst, Ansammlung von K\u00f6rperzellen, deren Wachstumsregulierung versagt hat<\/p>\n<p><strong>\u00dcberdiagnose<\/strong><br \/>\nDiagnose von Brustkrebs, der ohne gezielte Suche niemals auff\u00e4llig geworden w\u00e4re<\/p>\n<p><strong>Ultraschall<\/strong><br \/>\nUnh\u00f6rbar hohe Schallwellen, mit denen Ver\u00e4nderungen im Brustgewebe dargestellt werden k\u00f6nnen<\/p>\n<p><strong>Zentrale Stelle<\/strong><br \/>\nVersendet die Einladungsbriefe mit Terminvorschl\u00e4gen zur Screening-Mammographie an die Frauen<\/p>\n","protected":false},"excerpt":{"rendered":"<p>Das Glossar soll zur Erkl\u00e4rung von Fachbegriffen dienen, die im Zusammenhang mit Brustkrebs und dem Mammographie-Screening-Programm verwendet werden. Auch allgemeine Begriffe werden im Folgenden so erkl\u00e4rt, als w\u00fcrden sie sich auf Brustkrebs und das Mammographie-Screening-Programm beziehen. Befund Mitteilung nach einer Untersuchung, ob ein Verdacht auf Brustkrebs besteht oder nicht Biopsie Gewebeprobe, Entnahme von Gewebe aus [&hellip;]<\/p>\n","protected":false},"author":1,"featured_media":0,"parent":35,"menu_order":60,"comment_status":"closed","ping_status":"closed","template":"","meta":{"ngg_post_thumbnail":0,"footnotes":""},"class_list":["post-53","page","type-page","status-publish","hentry"],"_links":{"self":[{"href":"https:\/\/www.drdenck.de\/mammo\/wp-json\/wp\/v2\/pages\/53","targetHints":{"allow":["GET"]}}],"collection":[{"href":"https:\/\/www.drdenck.de\/mammo\/wp-json\/wp\/v2\/pages"}],"about":[{"href":"https:\/\/www.drdenck.de\/mammo\/wp-json\/wp\/v2\/types\/page"}],"author":[{"embeddable":true,"href":"https:\/\/www.drdenck.de\/mammo\/wp-json\/wp\/v2\/users\/1"}],"replies":[{"embeddable":true,"href":"https:\/\/www.drdenck.de\/mammo\/wp-json\/wp\/v2\/comments?post=53"}],"version-history":[{"count":4,"href":"https:\/\/www.drdenck.de\/mammo\/wp-json\/wp\/v2\/pages\/53\/revisions"}],"predecessor-version":[{"id":330,"href":"https:\/\/www.drdenck.de\/mammo\/wp-json\/wp\/v2\/pages\/53\/revisions\/330"}],"up":[{"embeddable":true,"href":"https:\/\/www.drdenck.de\/mammo\/wp-json\/wp\/v2\/pages\/35"}],"wp:attachment":[{"href":"https:\/\/www.drdenck.de\/mammo\/wp-json\/wp\/v2\/media?parent=53"}],"curies":[{"name":"wp","href":"https:\/\/api.w.org\/{rel}","templated":true}]}}