{"id":59,"date":"2014-08-11T20:01:44","date_gmt":"2014-08-11T18:01:44","guid":{"rendered":"http:\/\/www.drdenck.de\/mammo\/?page_id=59"},"modified":"2024-01-19T13:05:44","modified_gmt":"2024-01-19T11:05:44","slug":"team-nord","status":"publish","type":"page","link":"https:\/\/www.drdenck.de\/mammo\/regionen-sachsen-anhalt\/team-nord\/","title":{"rendered":"Team Nord"},"content":{"rendered":"<p><b><span style=\"font-family: 'Century Schoolbook'; font-size: large;\">Das Team der Screening-Einheit Nord<\/span><\/b><\/p>\n<p>&nbsp;<\/p>\n<p><a href=\"https:\/\/www.drdenck.de\/mammo\/wp-content\/uploads\/2015\/05\/DrDenck_DrDenck_web.jpg\"><img loading=\"lazy\" decoding=\"async\" class=\"alignleft wp-image-236\" src=\"https:\/\/www.drdenck.de\/mammo\/wp-content\/uploads\/2015\/05\/DrDenck_DrDenck_web-245x300.jpg\" alt=\"Dr. med. Dieter Denck, Programmverantwortlicher Arzt\" width=\"100\" height=\"122\" srcset=\"https:\/\/www.drdenck.de\/mammo\/wp-content\/uploads\/2015\/05\/DrDenck_DrDenck_web-245x300.jpg 245w, https:\/\/www.drdenck.de\/mammo\/wp-content\/uploads\/2015\/05\/DrDenck_DrDenck_web.jpg 567w\" sizes=\"auto, (max-width: 100px) 100vw, 100px\" \/><\/a><\/p>\n<p>Dr. med. Dieter Denck |&nbsp;Facharzt f\u00fcr Gyn\u00e4kologie und Geburtshilfe<\/p>\n<p>Programmverantwortlicher Arzt<br \/>\nDEGUM Mammasonographie<br \/>\nOnkologisch Verantwortlicher Arzt<\/p>\n<p>&nbsp;<\/p>\n<p><a href=\"https:\/\/www.drdenck.de\/mammo\/wp-content\/uploads\/2015\/05\/DrDenck_DrLindekamm_web.jpg\"><img loading=\"lazy\" decoding=\"async\" class=\"alignleft wp-image-237\" src=\"https:\/\/www.drdenck.de\/mammo\/wp-content\/uploads\/2015\/05\/DrDenck_DrLindekamm_web-218x300.jpg\" alt=\"DrDenck_DrLindekamm_web\" width=\"100\" height=\"138\" srcset=\"https:\/\/www.drdenck.de\/mammo\/wp-content\/uploads\/2015\/05\/DrDenck_DrLindekamm_web-218x300.jpg 218w, https:\/\/www.drdenck.de\/mammo\/wp-content\/uploads\/2015\/05\/DrDenck_DrLindekamm_web.jpg 567w\" sizes=\"auto, (max-width: 100px) 100vw, 100px\" \/><\/a><\/p>\n<p>Dr. med. Hartmut Lindekamm | Facharzt f\u00fcr Radiologische Diagnostik<\/p>\n<p>Stellv. PVA<br \/>\nBefunder<\/p>\n<p>&nbsp;<\/p>\n<p>&nbsp;<\/p>\n<p><a href=\"https:\/\/www.drdenck.de\/mammo\/wp-content\/uploads\/2014\/08\/DrDenck_Aisch_web.jpg\"><img loading=\"lazy\" decoding=\"async\" class=\"alignleft wp-image-281\" src=\"https:\/\/www.drdenck.de\/mammo\/wp-content\/uploads\/2014\/08\/DrDenck_Aisch_web-225x300.jpg\" alt=\"DrDenck_Aisch_web\" width=\"100\" height=\"133\" srcset=\"https:\/\/www.drdenck.de\/mammo\/wp-content\/uploads\/2014\/08\/DrDenck_Aisch_web-225x300.jpg 225w, https:\/\/www.drdenck.de\/mammo\/wp-content\/uploads\/2014\/08\/DrDenck_Aisch_web.jpg 567w\" sizes=\"auto, (max-width: 100px) 100vw, 100px\" \/><\/a>Dipl. med. Regina Aisch | Fach\u00e4rztin f\u00fcr Radiologische Diagnostik<\/p>\n<p>Befunder<\/p>\n<p>&nbsp;<\/p>\n<p>&nbsp;<\/p>\n<p><a href=\"https:\/\/www.drdenck.de\/mammo\/wp-content\/uploads\/2017\/11\/tn100x128_krungenhagen.jpg\"><img loading=\"lazy\" decoding=\"async\" class=\"alignleft wp-image-891\" src=\"https:\/\/www.drdenck.de\/mammo\/wp-content\/uploads\/2017\/11\/tn100x128_krungenhagen.jpg\" alt=\"\" width=\"104\" height=\"133\"><\/a>Dr. med. Kai Rungenhagen | Facharzt f\u00fcr Radiologische Diagnostik<\/p>\n<p>Befunder<\/p>\n<p>&nbsp; &nbsp; &nbsp; &nbsp; &nbsp; &nbsp; &nbsp; &nbsp; &nbsp; &nbsp;<\/p>\n<p>&nbsp;<\/p>\n<p><a href=\"https:\/\/www.drdenck.de\/mammo\/wp-content\/uploads\/2014\/08\/DrDenck_EDuengel_web.jpg\"><img loading=\"lazy\" decoding=\"async\" class=\"alignleft wp-image-287\" src=\"https:\/\/www.drdenck.de\/mammo\/wp-content\/uploads\/2014\/08\/DrDenck_EDuengel_web-253x300.jpg\" alt=\"DrDenck_EDuengel_web\" width=\"100\" height=\"119\" srcset=\"https:\/\/www.drdenck.de\/mammo\/wp-content\/uploads\/2014\/08\/DrDenck_EDuengel_web-253x300.jpg 253w, https:\/\/www.drdenck.de\/mammo\/wp-content\/uploads\/2014\/08\/DrDenck_EDuengel_web.jpg 567w\" sizes=\"auto, (max-width: 100px) 100vw, 100px\" \/><\/a>Ellen D\u00fcngel | MTRA<\/p>\n<p>auf dem Trailer\/station. Einheit<\/p>\n<p>&nbsp;<\/p>\n<p>&nbsp;<\/p>\n<p><a href=\"https:\/\/www.drdenck.de\/mammo\/wp-content\/uploads\/2017\/11\/Nicole.jpg\"><img loading=\"lazy\" decoding=\"async\" class=\"alignleft wp-image-984\" src=\"https:\/\/www.drdenck.de\/mammo\/wp-content\/uploads\/2017\/11\/Nicole.jpg\" alt=\"\" width=\"113\" height=\"133\" srcset=\"https:\/\/www.drdenck.de\/mammo\/wp-content\/uploads\/2017\/11\/Nicole.jpg 255w, https:\/\/www.drdenck.de\/mammo\/wp-content\/uploads\/2017\/11\/Nicole-254x300.jpg 254w\" sizes=\"auto, (max-width: 113px) 100vw, 113px\" \/><\/a>Nicole Thormann | MTRA<\/p>\n<p>auf dem Trailer\/station. Einheit<\/p>\n<p>&nbsp;<\/p>\n<p>&nbsp;<\/p>\n<p>&nbsp;<\/p>\n<p><a href=\"https:\/\/www.drdenck.de\/mammo\/wp-content\/uploads\/2023\/12\/imke.jpg\"><img loading=\"lazy\" decoding=\"async\" class=\"alignleft wp-image-1847\" src=\"https:\/\/www.drdenck.de\/mammo\/wp-content\/uploads\/2023\/12\/imke.jpg\" alt=\"\" width=\"100\" height=\"103\" srcset=\"https:\/\/www.drdenck.de\/mammo\/wp-content\/uploads\/2023\/12\/imke.jpg 1080w, https:\/\/www.drdenck.de\/mammo\/wp-content\/uploads\/2023\/12\/imke-291x300.jpg 291w, https:\/\/www.drdenck.de\/mammo\/wp-content\/uploads\/2023\/12\/imke-995x1024.jpg 995w, https:\/\/www.drdenck.de\/mammo\/wp-content\/uploads\/2023\/12\/imke-768x791.jpg 768w\" sizes=\"auto, (max-width: 100px) 100vw, 100px\" \/><\/a><\/p>\n<p>&nbsp; Imke Hofmann | MTRA<\/p>\n<p>&nbsp; auf dem Trailer\/station. Einheit<\/p>\n<p>&nbsp;<\/p>\n<p>&nbsp;<\/p>\n<p><a href=\"https:\/\/www.drdenck.de\/mammo\/wp-content\/uploads\/2014\/08\/DrDenck_AScharf_web.jpg\"><img loading=\"lazy\" decoding=\"async\" class=\"alignleft wp-image-282\" src=\"https:\/\/www.drdenck.de\/mammo\/wp-content\/uploads\/2014\/08\/DrDenck_AScharf_web.jpg\" alt=\"\" width=\"106\" height=\"146\" srcset=\"https:\/\/www.drdenck.de\/mammo\/wp-content\/uploads\/2014\/08\/DrDenck_AScharf_web.jpg 567w, https:\/\/www.drdenck.de\/mammo\/wp-content\/uploads\/2014\/08\/DrDenck_AScharf_web-218x300.jpg 218w\" sizes=\"auto, (max-width: 106px) 100vw, 106px\" \/><\/a><\/p>\n<p>Andrea Scharf | Arzthelferin<\/p>\n<p>auf dem Trailer\/station. Einheit<\/p>\n<p>&nbsp;<\/p>\n<p>&nbsp;<\/p>\n<p>&nbsp;<\/p>\n<p><a href=\"https:\/\/www.drdenck.de\/mammo\/wp-content\/uploads\/2021\/03\/Manuela-Matthies.jpg\"><img loading=\"lazy\" decoding=\"async\" class=\"alignleft wp-image-1468\" src=\"https:\/\/www.drdenck.de\/mammo\/wp-content\/uploads\/2021\/03\/Manuela-Matthies.jpg\" alt=\"\" width=\"103\" height=\"114\" srcset=\"https:\/\/www.drdenck.de\/mammo\/wp-content\/uploads\/2021\/03\/Manuela-Matthies.jpg 1080w, https:\/\/www.drdenck.de\/mammo\/wp-content\/uploads\/2021\/03\/Manuela-Matthies-269x300.jpg 269w, https:\/\/www.drdenck.de\/mammo\/wp-content\/uploads\/2021\/03\/Manuela-Matthies-919x1024.jpg 919w, https:\/\/www.drdenck.de\/mammo\/wp-content\/uploads\/2021\/03\/Manuela-Matthies-768x855.jpg 768w\" sizes=\"auto, (max-width: 103px) 100vw, 103px\" \/><\/a>Manuela Matthies | Arzthelferin<\/p>\n<p>auf dem Trailer\/station. Einheit<\/p>\n<p>&nbsp;<\/p>\n<p>&nbsp;<\/p>\n<p style=\"text-align: left;\"><a href=\"https:\/\/www.drdenck.de\/mammo\/wp-content\/uploads\/2021\/03\/Ilka-Radloff.jpg\"><img loading=\"lazy\" decoding=\"async\" class=\"alignleft wp-image-1495\" src=\"https:\/\/www.drdenck.de\/mammo\/wp-content\/uploads\/2021\/03\/Ilka-Radloff.jpg\" alt=\"Ilka Radloff\" width=\"100\" height=\"133\" srcset=\"https:\/\/www.drdenck.de\/mammo\/wp-content\/uploads\/2021\/03\/Ilka-Radloff.jpg 709w, https:\/\/www.drdenck.de\/mammo\/wp-content\/uploads\/2021\/03\/Ilka-Radloff-225x300.jpg 225w\" sizes=\"auto, (max-width: 100px) 100vw, 100px\" \/><\/a>Ilka Radloff | Krankenschwester<\/p>\n<p style=\"text-align: left;\">auf dem Trailer\/station. Einheit<\/p>\n<p>&nbsp;<\/p>\n<p>&nbsp;<\/p>\n<p style=\"text-align: left;\"><a href=\"https:\/\/www.drdenck.de\/mammo\/wp-content\/uploads\/2022\/07\/gabi.jpg\"><img loading=\"lazy\" decoding=\"async\" class=\"alignleft wp-image-1661\" src=\"https:\/\/www.drdenck.de\/mammo\/wp-content\/uploads\/2022\/07\/gabi.jpg\" alt=\"\" width=\"89\" height=\"133\" srcset=\"https:\/\/www.drdenck.de\/mammo\/wp-content\/uploads\/2022\/07\/gabi.jpg 478w, https:\/\/www.drdenck.de\/mammo\/wp-content\/uploads\/2022\/07\/gabi-201x300.jpg 201w\" sizes=\"auto, (max-width: 89px) 100vw, 89px\" \/><\/a>Gabriele Sobania-Henning | Krankenschwester<\/p>\n<p style=\"text-align: left;\">auf dem Trailer\/station. Einheit<\/p>\n<p>&nbsp;<\/p>\n<p>&nbsp;<\/p>\n<p><a href=\"https:\/\/www.drdenck.de\/mammo\/wp-content\/uploads\/2014\/08\/DrDenck_ASeeler_web.jpg\"><img loading=\"lazy\" decoding=\"async\" class=\"alignleft wp-image-281\" src=\"https:\/\/www.drdenck.de\/mammo\/wp-content\/uploads\/2014\/08\/DrDenck_ASeeler_web-230x300.jpg\" alt=\"DrDenck_ASeeler_web\" width=\"100\" height=\"130\"><\/a>Annette Seeler<\/p>\n<p>Praxisorganisation<br \/>\nDokumentationsassistentin<\/p>\n<p>&nbsp;<\/p>\n<p>&nbsp;<\/p>\n<p><a href=\"https:\/\/www.drdenck.de\/mammo\/wp-content\/uploads\/2014\/08\/DrDenck_KPoepel_web.jpg\"><img loading=\"lazy\" decoding=\"async\" class=\"alignleft wp-image-289\" src=\"https:\/\/www.drdenck.de\/mammo\/wp-content\/uploads\/2014\/08\/DrDenck_KPoepel_web-206x300.jpg\" alt=\"DrDenck_KPoepel_web\" width=\"100\" height=\"146\" srcset=\"https:\/\/www.drdenck.de\/mammo\/wp-content\/uploads\/2014\/08\/DrDenck_KPoepel_web-206x300.jpg 206w, https:\/\/www.drdenck.de\/mammo\/wp-content\/uploads\/2014\/08\/DrDenck_KPoepel_web.jpg 567w\" sizes=\"auto, (max-width: 100px) 100vw, 100px\" \/><\/a>Karola P\u00f6pel<\/p>\n<p>Sekretariat<\/p>\n<p>&nbsp;<\/p>\n<p>&nbsp;<\/p>\n<p>&nbsp;<\/p>\n<p><a href=\"https:\/\/www.drdenck.de\/mammo\/wp-content\/uploads\/2021\/10\/nadine-neu.jpg\"><img loading=\"lazy\" decoding=\"async\" class=\"alignleft wp-image-1563\" src=\"https:\/\/www.drdenck.de\/mammo\/wp-content\/uploads\/2021\/10\/nadine-neu.jpg\" alt=\"\" width=\"102\" height=\"146\" srcset=\"https:\/\/www.drdenck.de\/mammo\/wp-content\/uploads\/2021\/10\/nadine-neu.jpg 822w, https:\/\/www.drdenck.de\/mammo\/wp-content\/uploads\/2021\/10\/nadine-neu-210x300.jpg 210w, https:\/\/www.drdenck.de\/mammo\/wp-content\/uploads\/2021\/10\/nadine-neu-716x1024.jpg 716w, https:\/\/www.drdenck.de\/mammo\/wp-content\/uploads\/2021\/10\/nadine-neu-768x1099.jpg 768w\" sizes=\"auto, (max-width: 102px) 100vw, 102px\" \/><\/a>Nadine Jastram<\/p>\n<p>Anmeldung Trailer<\/p>\n<p>&nbsp;<\/p>\n<p>&nbsp;<\/p>\n<p>&nbsp;<\/p>\n<p>&nbsp;<\/p>\n<p>&nbsp;<\/p>\n<p>&nbsp;<\/p>\n<p>&nbsp;<\/p>\n<p>Dr. med. Petra L\u00fcders | Pathologin<br \/>\nPD Dr. med. Meinald Schultz| Pathologe<br \/>\nDr. med. Michael Hainz&nbsp;| Pathologe<\/p>\n<p>&nbsp;<\/p>\n<p>&nbsp;<\/p>\n<p>&nbsp;<\/p>\n<p>&nbsp;<\/p>\n<p>&nbsp;<\/p>\n<p>&nbsp;<\/p>\n<p>&nbsp;<\/p>\n","protected":false},"excerpt":{"rendered":"<p>Das Team der Screening-Einheit Nord &nbsp; Dr. med. Dieter Denck |&nbsp;Facharzt f\u00fcr Gyn\u00e4kologie und Geburtshilfe Programmverantwortlicher Arzt DEGUM Mammasonographie Onkologisch Verantwortlicher Arzt &nbsp; Dr. med. Hartmut Lindekamm | Facharzt f\u00fcr Radiologische Diagnostik Stellv. PVA Befunder &nbsp; &nbsp; Dipl. med. Regina Aisch | Fach\u00e4rztin f\u00fcr Radiologische Diagnostik Befunder &nbsp; &nbsp; Dr. med. Kai Rungenhagen | Facharzt [&hellip;]<\/p>\n","protected":false},"author":1,"featured_media":0,"parent":49,"menu_order":5,"comment_status":"closed","ping_status":"closed","template":"","meta":{"ngg_post_thumbnail":0,"footnotes":""},"class_list":["post-59","page","type-page","status-publish","hentry"],"_links":{"self":[{"href":"https:\/\/www.drdenck.de\/mammo\/wp-json\/wp\/v2\/pages\/59","targetHints":{"allow":["GET"]}}],"collection":[{"href":"https:\/\/www.drdenck.de\/mammo\/wp-json\/wp\/v2\/pages"}],"about":[{"href":"https:\/\/www.drdenck.de\/mammo\/wp-json\/wp\/v2\/types\/page"}],"author":[{"embeddable":true,"href":"https:\/\/www.drdenck.de\/mammo\/wp-json\/wp\/v2\/users\/1"}],"replies":[{"embeddable":true,"href":"https:\/\/www.drdenck.de\/mammo\/wp-json\/wp\/v2\/comments?post=59"}],"version-history":[{"count":98,"href":"https:\/\/www.drdenck.de\/mammo\/wp-json\/wp\/v2\/pages\/59\/revisions"}],"predecessor-version":[{"id":1930,"href":"https:\/\/www.drdenck.de\/mammo\/wp-json\/wp\/v2\/pages\/59\/revisions\/1930"}],"up":[{"embeddable":true,"href":"https:\/\/www.drdenck.de\/mammo\/wp-json\/wp\/v2\/pages\/49"}],"wp:attachment":[{"href":"https:\/\/www.drdenck.de\/mammo\/wp-json\/wp\/v2\/media?parent=59"}],"curies":[{"name":"wp","href":"https:\/\/api.w.org\/{rel}","templated":true}]}}