{"id":686,"date":"2016-08-29T11:46:39","date_gmt":"2016-08-29T09:46:39","guid":{"rendered":"http:\/\/www.drdenck.de\/mammo\/?page_id=686"},"modified":"2024-08-06T08:16:44","modified_gmt":"2024-08-06T06:16:44","slug":"standort-zeiten","status":"publish","type":"page","link":"https:\/\/www.drdenck.de\/mammo\/regionen-sachsen-anhalt\/mobile-einheit\/standort-zeiten\/","title":{"rendered":"Standort-Zeiten"},"content":{"rendered":"<table style=\"border-color: #e31bdc; height: 124px; width: 100%;\" border=\"8\" width=\"643\">\n<tbody>\n<tr style=\"border-color: #f22cd1;\">\n<td style=\"border-color: #f22cd1; width: 19.4828%;\">\n<h3>&nbsp;Ort<\/h3>\n<\/td>\n<td style=\"border-color: #f22cd1; width: 36.7241%;\">\n<h3>Trailer-Standort<\/h3>\n<\/td>\n<td style=\"border-color: #f22cd1; width: 39.6552%;\">\n<h3>Zeiten<\/h3>\n<\/td>\n<\/tr>\n<tr style=\"border-color: #f22cd1;\">\n<td style=\"border-color: #f22cd1; width: 19.4828%;\">&nbsp;Haldensleben<\/td>\n<td style=\"border-color: #f22cd1; width: 36.7241%;\">Bornschestr. 8, st\u00e4dtischer Parkplatz<\/td>\n<td style=\"border-color: #f22cd1; width: 39.6552%;\">\n<ol>\n<li>Runde&nbsp;28.04.-19.06.2008<\/li>\n<li>Runde&nbsp;17.03.-20.05.2010<\/li>\n<li>Runde 07.05.-.29.06.2012<\/li>\n<li>Runde 05.05.-23.06.2014<\/li>\n<li>Runde 28.04.-16.06.2016<\/li>\n<li>Runde 25.04.-19.06.2018<\/li>\n<li>Runde 10.08.-25.09.2020<\/li>\n<li>Runde 30.05.-06.07.2022 und 03.-25.08.2022<\/li>\n<li>Runde 22.04.-26.06.2024 und 19.-26.07.2024<\/li>\n<\/ol>\n<\/td>\n<\/tr>\n<tr style=\"border-color: #f22cd1;\">\n<td style=\"border-color: #f22cd1; width: 19.4828%;\">Hermsdorf<\/td>\n<td style=\"border-color: #f22cd1; width: 36.7241%;\">&nbsp;Am ElbePark 1 &#8211; Parkplatz auf dem Elbe Park<\/td>\n<td style=\"border-color: #f22cd1; width: 39.6552%;\">\n<ol>\n<li>Runde&nbsp;20.06.-08.07. und 04.-09.08.2008<\/li>\n<li>Runde&nbsp;21.05.-.18.06.2010<\/li>\n<li>Runde 29.06.-17.07.2012 und 20.-24.08.2012<\/li>\n<li>Runde 24.06-16.07.2014 und 18.-27.08.2014<\/li>\n<li>Runde 20.-29.06. und 01.-22.08.2016<\/li>\n<li>Runde 25.-27.06. und 26.07.-22.08.2018<\/li>\n<li>Runde 26.09.-04.11.2020<\/li>\n<li>Runde 25.08.- 23.09.2022<\/li>\n<li>Runde 29.07.-23.08.2024<\/li>\n<\/ol>\n<\/td>\n<\/tr>\n<tr>\n<td style=\"border-color: #f22cd1; width: 19.4828%;\">&nbsp;Wolmirstedt<\/td>\n<td style=\"border-color: #f22cd1; width: 36.7241%;\">&nbsp;Heinrich-Heine-Stra\u00dfe 5, DRK-Station, auf dem Gel\u00e4nde der Rettungswache<\/td>\n<td style=\"border-color: #f22cd1; width: 39.6552%;\">\n<ol>\n<li>Runde&nbsp;11.08.-04.09.2008<\/li>\n<li>Runde&nbsp;21.-30.06. und 02.-24.08.2010<\/li>\n<li>Runde 29.08.-28.09.2012<\/li>\n<li>Runde 28.08.-26.09.2014<\/li>\n<li>Runde 22.08.-21.09.2016<\/li>\n<li>Runde 23.08.-21.09.2018<\/li>\n<li>Runde 05.11.-07.12.2020<\/li>\n<li>Runde 26.09.-verl.24.10.2022<\/li>\n<\/ol>\n<\/td>\n<\/tr>\n<tr>\n<td style=\"border-color: #f22cd1; width: 19.4828%;\">M\u00f6ckern<\/td>\n<td style=\"border-color: #f22cd1; width: 36.7241%;\">&nbsp;Am Markt 10, neben dem Rathaus<\/td>\n<td style=\"border-color: #f22cd1; width: 39.6552%;\">\n<ol>\n<li>Runde&nbsp;06.-16.10.2008<\/li>\n<li>Runde&nbsp;25.08.-06.09.2010<\/li>\n<li>Runde 01.-10.10.2012<\/li>\n<li>Runde 29.09.-10.10.2014<\/li>\n<li>Runde 20.-30.09.2016<\/li>\n<li>Runde 24.09.-05.10.2018<\/li>\n<li>Runde 08.-17.12.2020<\/li>\n<li>Runde 01.-10.11.2022<\/li>\n<\/ol>\n<\/td>\n<\/tr>\n<tr>\n<td style=\"border-color: #f22cd1; width: 19.4828%;\">Gommern<\/td>\n<td style=\"border-color: #f22cd1; width: 36.7241%;\">&nbsp;Platz des Friedens 10<\/td>\n<td style=\"border-color: #f22cd1; width: 39.6552%;\">\n<ol>\n<li>Runde&nbsp;17.10.-06.11.2008<\/li>\n<li>Runde&nbsp;07.-27.09.2010<\/li>\n<li>Runde 15.10.-05.11.2012<\/li>\n<li>Runde 13.10.-03.11.2014<\/li>\n<li>Runde 04.-21.10.2016<\/li>\n<li>Runde 08.-26.10.2018<\/li>\n<li>Runde 18.-.22.12.2020 und 07.-20.01.2021<\/li>\n<li>Runde 11.-29.11.2022<\/li>\n<\/ol>\n<\/td>\n<\/tr>\n<tr>\n<td style=\"border-color: #f22cd1; width: 19.4828%;\">Barleben<\/td>\n<td style=\"border-color: #f22cd1; width: 36.7241%;\">&nbsp;Angerstra\u00dfe 1, Parkplatz am Festplatz<\/td>\n<td style=\"border-color: #f22cd1; width: 39.6552%;\">\n<ol>\n<li>Runde&nbsp;05.09.-02.10.2008<\/li>\n<li>Runde&nbsp;28.09.-26.10.2010<\/li>\n<li>Runde 06.-30.11.2012<\/li>\n<li>Runde 04.-28.11.2014<\/li>\n<li>Runde 24.10.-18.11.2016<\/li>\n<li>Runde 01.-58.11.2018<\/li>\n<li>Runde 21.01.-17.02.2021<\/li>\n<li>Runde 30.11.-22.12.2022 und 05.-11.1.2023<\/li>\n<\/ol>\n<\/td>\n<\/tr>\n<tr>\n<td style=\"border-color: #f22cd1; width: 19.4828%;\">Burg<\/td>\n<td style=\"border-color: #f22cd1; width: 36.7241%;\">&nbsp;Conrad-Tack-Ring 28, Parkplatz vom REWE Daniel Bunzeck OHG<\/td>\n<td style=\"border-color: #f22cd1; width: 39.6552%;\">\n<ol>\n<li>Runde&nbsp;07.11.2008-16.01.2009<\/li>\n<li>Runde&nbsp;27.10.-16.12.2010 und 14.-23.02.2011<\/li>\n<li>Runde 03.-20.12.2012, 07.01.-19.02.2013 und 25.-28.03.2013<\/li>\n<li>Runde 02.-19.12.2014 und 07.01.-06.02.2015<\/li>\n<li>Runde 21.11.-20.12.2016 und 09.-27.01.2017<\/li>\n<li>Runde 29.11.-21.12.18 und 07.01.-01.02.2019<\/li>\n<li>Runde 18.02.-08.04.2021<\/li>\n<li>Runde 18.01.-23.02.2023<\/li>\n<\/ol>\n<\/td>\n<\/tr>\n<tr>\n<td style=\"border-color: #f22cd1; width: 19.4828%;\">Biederitz &#8211; OT Gerwisch<\/td>\n<td style=\"border-color: #f22cd1; width: 36.7241%;\">&nbsp;Gerwisch &#8211; Woltersdorfer Str. 2a &#8211; Parkplatz der Feuerwehr<\/td>\n<td style=\"border-color: #f22cd1; width: 39.6552%;\">\n<ol>\n<li>Runde&nbsp;19.1.-02.02.2009<\/li>\n<li>Runde&nbsp;10.-26.01.2011<\/li>\n<li>Runde 20.02.-07.03.2013<\/li>\n<li>Runde 09.-25.02.2015<\/li>\n<li>Runde 26.01.-13.02.2017<\/li>\n<li>Runde 04.-20.02.2019<\/li>\n<li>Runde 12.-28.04.2021<\/li>\n<li>Runde 24.02.-13.03.2023<\/li>\n<\/ol>\n<\/td>\n<\/tr>\n<tr>\n<td style=\"border-color: #f22cd1; width: 19.4828%;\">M\u00f6ser<\/td>\n<td style=\"border-color: #f22cd1; width: 36.7241%;\">&nbsp;Rudolf-Breitscheid-Weg, Parkplatz am Bahnhof<\/td>\n<td style=\"border-color: #f22cd1; width: 39.6552%;\">\n<ol>\n<li>Runde&nbsp;03.-17.02.2009<\/li>\n<li>Runde&nbsp;27.01.-11.02.2011<\/li>\n<li>Runde 08.-22.03.2013<\/li>\n<li>Runde 26.02.-13.03.2015<\/li>\n<li>Runde 14.-28.02.17<\/li>\n<li>Runde 21.02.-06.03.2019<\/li>\n<li>Runde 29.04.-19.05.2021<\/li>\n<li>Runde 14.-27.03.2023<\/li>\n<\/ol>\n<\/td>\n<\/tr>\n<tr>\n<td style=\"border-color: #f22cd1; width: 19.4828%;\">Genthin<\/td>\n<td style=\"border-color: #f22cd1; width: 36.7241%;\">&nbsp;auf dem Marktplatz<\/td>\n<td style=\"border-color: #f22cd1; width: 39.6552%;\">\n<ol>\n<li>Runde&nbsp;18.02.-03.04.2009<\/li>\n<li>Runde&nbsp;24.02.-14.04.2011<\/li>\n<li>Runde 02.04.-24.05.2013<\/li>\n<li>Runde 16.03.-30.04.2015<\/li>\n<li>Runde 01.03.-13.04.2017<\/li>\n<li>Runde 07.03.-23.04.2019<\/li>\n<li>Runde 20.05.-25.06.2021<\/li>\n<li>Runde 28.03.-05.05.2023<\/li>\n<\/ol>\n<\/td>\n<\/tr>\n<tr>\n<td style=\"border-color: #f22cd1; width: 19.4828%;\">Parey<\/td>\n<td style=\"border-color: #f22cd1; width: 36.7241%;\">&nbsp;Hauptstra\u00dfe 1\/Ecke Bittkauer Weg, Parkplatz np-Markt<\/td>\n<td style=\"border-color: #f22cd1; width: 39.6552%;\">\n<ol>\n<li>Runde&nbsp;06.-21.04.2009<\/li>\n<li>Runde&nbsp;15.04.-03.05.2011<\/li>\n<li>Runde 27.05.-10.06.2013<\/li>\n<li>Runde 04.-20.05.2015<\/li>\n<li>Runde 18.04.-09.05.2017<\/li>\n<li>Runde 26.04.2019 und 06.-17.05.2019<\/li>\n<li>Runde 26.06.-08.07.2021<\/li>\n<li>Runde 08.-24.05.2023<\/li>\n<\/ol>\n<\/td>\n<\/tr>\n<tr>\n<td style=\"border-color: #f22cd1; width: 19.4828%;\">Rog\u00e4tz<\/td>\n<td style=\"border-color: #f22cd1; width: 36.7241%;\">&nbsp;Magdeburger Stra\u00dfe 30, Marktplatz an der Kirche<\/td>\n<td style=\"border-color: #f22cd1; width: 39.6552%;\">\n<ol>\n<li>Runde&nbsp;22.04.-04.05.2009<\/li>\n<li>Runde&nbsp;04.-17.05.2011<\/li>\n<li>Runde 11.-20.06.2013<\/li>\n<li>Runde 21.05.-04.06.2015<\/li>\n<li>Runde 22.5.-07.06.2017<\/li>\n<li>Runde 20.05.-03.06.2019<\/li>\n<li>Runde 09.-14.07.2021 und 10.-17.08.2021<\/li>\n<li>Runde 25.05.-01.06.2023 und 15.-20.06.2023<\/li>\n<\/ol>\n<\/td>\n<\/tr>\n<tr>\n<td style=\"border-color: #f22cd1; width: 19.4828%;\">Colbitz<\/td>\n<td style=\"border-color: #f22cd1; width: 36.7241%;\">&nbsp;Teichstra\u00dfe, auf dem Marktplatz hinter dem Rathaus<\/td>\n<td style=\"border-color: #f22cd1; width: 39.6552%;\">\n<ol>\n<li>Runde&nbsp;05.-13.05.2009<\/li>\n<li>Runde&nbsp;18.-27.05.2011<\/li>\n<li>Runde 21.06.-01.07.2013<\/li>\n<li>Runde 05.-16.06.2015<\/li>\n<li>Runde 10.-19.05.2017<\/li>\n<li>Runde 04.-14.06.2019<\/li>\n<li>Runde 18.-25.08.2021<\/li>\n<li>Runde 21.-29.06.2023&nbsp;<\/li>\n<\/ol>\n<\/td>\n<\/tr>\n<tr>\n<td style=\"border-color: #f22cd1; width: 19.4828%;\">Havelberg<\/td>\n<td style=\"border-color: #f22cd1; width: 36.7241%;\">&nbsp;Bahnhofstra\u00dfe, Parkplatz<\/td>\n<td style=\"border-color: #f22cd1; width: 39.6552%;\">\n<ol>\n<li>Runde&nbsp;14.-28.05.2009<\/li>\n<li>Runde&nbsp;30.05.-16.06.2011<\/li>\n<li>Runde 02.-10.07.2013 und 12.-15.08.2013<\/li>\n<li>Runde 17.-30.06.2015<\/li>\n<li>Runde 08.-21.06.2017<\/li>\n<li>Runde 17.06.-01.07.2019<\/li>\n<li>Runde 26.08.-09.09.2021<\/li>\n<li>Runde 02.-07.06.2023 und 30.06.-05.07.2023<\/li>\n<\/ol>\n<\/td>\n<\/tr>\n<tr>\n<td style=\"border-color: #f22cd1; width: 19.4828%;\">Seehausen<\/td>\n<td style=\"border-color: #f22cd1; width: 36.7241%;\">&nbsp;Otto-Nuschke-Stra\u00dfe 32, auf dem Ffw-Gel\u00e4nde<\/td>\n<td style=\"border-color: #f22cd1; width: 39.6552%;\">\n<ol>\n<li>Runde&nbsp;29.05.-17.06.2009<\/li>\n<li>Runde&nbsp;17.-28.06.2011 und 01.-10.08.2011<\/li>\n<li>Runde 16.08.-03.09.2013<\/li>\n<li>Runde 01.-17.07.2015<\/li>\n<li>Runde 23.-28.06.2017 und 27.07.-09.08.2017<\/li>\n<li>Runde 02.+03.07.2019 und 30.07.-14.08.2019<\/li>\n<li>Runde 10.-27.09.2021<\/li>\n<li>Runde 08.-14.06.2023 und 14.08.-01.09.2023<\/li>\n<\/ol>\n<\/td>\n<\/tr>\n<tr>\n<td style=\"border-color: #f22cd1; width: 19.4828%;\">Hansestadt Salzwedel<\/td>\n<td style=\"border-color: #f22cd1; width: 36.7241%;\">&nbsp;Marktplatz &#8211; hinter dem B\u00fcrgercenter<\/td>\n<td style=\"border-color: #f22cd1; width: 39.6552%;\">\n<ol>\n<li>Runde&nbsp;03.08.-17.09.2009<\/li>\n<li>Runde&nbsp;11.08.-23.09.2011 und 10.-24.10.2011<\/li>\n<li>Runde 04.-27.09.2013 und 15.10.-13.11.2013<\/li>\n<li>Runde 21.\/22.07.2015 und&nbsp;24.08.-25.09.2015 sowie&nbsp;13.-30.10.2015<\/li>\n<li>Runde 10.08.-28.09.2017 und 18.-24.10.2017<\/li>\n<li>Runde 15.08.-27.09.2017 und 23.10.-04.11.2019<\/li>\n<li>Runde 19.10.-14.12.2021<\/li>\n<li>Runde 04.-22.09., 11.10.-13.11.23 und 30.11.-05.12.2023<\/li>\n<\/ol>\n<\/td>\n<\/tr>\n<tr>\n<td style=\"border-color: #f22cd1; width: 19.4828%;\">Arendsee<\/td>\n<td style=\"border-color: #f22cd1; width: 36.7241%;\">&nbsp;Am Markt, direkt auf dem Marktplatz<\/td>\n<td style=\"border-color: #f22cd1; width: 39.6552%;\">\n<ol>\n<li>Runde&nbsp;18.-24.06.2009 und 27.-31.07.2009<\/li>\n<li>Runde&nbsp;26.09.-07.10.2011<\/li>\n<li>Runde&nbsp;30.09.-15.10.2013<\/li>\n<li>Runde 28.09.-12.10.2015<\/li>\n<li>Runde 29.09.-17.10.2017<\/li>\n<li>Runde 07.10.-22.10.2019<\/li>\n<li>Runde 28.09.-18.10.2021<\/li>\n<li>Runde 25.09.-10.10.2023<\/li>\n<\/ol>\n<\/td>\n<\/tr>\n<tr>\n<td style=\"border-color: #f22cd1; width: 19.4828%;\">Oebisfelde<\/td>\n<td style=\"border-color: #f22cd1; width: 36.7241%;\">&nbsp;Lange Stra\u00dfe 12, Marktplatz<\/td>\n<td style=\"border-color: #f22cd1; width: 39.6552%;\">\n<ol>\n<li>Runde&nbsp;18.-30.09.2009<\/li>\n<li>Runde&nbsp;25.10.-10.11.2011<\/li>\n<li>Runde&nbsp;14.-27.11.2013<\/li>\n<li>Runde 02.-13.11.2015<\/li>\n<li>Runde 23.10.-07.11.2017<\/li>\n<li>Runde 05.-20.11.2019<\/li>\n<li>Runde 02.-15.12.2021<\/li>\n<li>Runde 13.-29.11.2023<\/li>\n<\/ol>\n<\/td>\n<\/tr>\n<tr>\n<td style=\"border-color: #f22cd1; width: 19.4828%;\">Weferlingen<\/td>\n<td style=\"border-color: #f22cd1; width: 36.7241%;\">&nbsp;Gutshof 4, Parkplatz am Haus der Generationen<\/td>\n<td style=\"border-color: #f22cd1; width: 39.6552%;\">\n<ol>\n<li>Runde&nbsp;01.-13.10.2009<\/li>\n<li>Runde&nbsp;11.-25.11.2011<\/li>\n<li>Runde&nbsp;28.11.-10.12.2013<\/li>\n<li>Runde 16.-26.11.2015<\/li>\n<li>Runde 08.-22.11.2017<\/li>\n<li>Runde 21.11.-04.12.2019<\/li>\n<li>Runde 16.-22.12.2021 und 10.-12.01.22<\/li>\n<li>Runde 06.-18.12.2023<\/li>\n<\/ol>\n<\/td>\n<\/tr>\n<tr>\n<td style=\"border-color: #f22cd1; width: 19.4828%;\">Diesdorf<\/td>\n<td style=\"border-color: #f22cd1; width: 36.7241%;\">&nbsp;Sch\u00e4fertor 2, Festplatz<\/td>\n<td style=\"border-color: #f22cd1; width: 39.6552%;\">\n<ol>\n<li>Runde 14.10-22.10.2009<\/li>\n<li>Runde 28.11.-09.12.2011<\/li>\n<li>Runde 11.-20.12.2013<\/li>\n<li>Runde 21.\/22.07.2015 und&nbsp;24.08.-25.09.2015 sowie&nbsp;13.-30.10.2015<\/li>\n<li>Runde 23.11.-05.12.2017<\/li>\n<li>Runde 05.-16.12.2019<\/li>\n<li>Runde 17.-27.01.2022<\/li>\n<li>Runde 19.12.2023 &#8211; 12.01.2024<\/li>\n<\/ol>\n<\/td>\n<\/tr>\n<tr>\n<td style=\"border-color: #f22cd1; width: 19.4828%;\">Beetzendorf<\/td>\n<td style=\"border-color: #f22cd1; width: 36.7241%;\">&nbsp;Beverhol 6a im Park<\/td>\n<td style=\"border-color: #f22cd1; width: 39.6552%;\">\n<ol>\n<li>Runde 23.10.-04.11.2009<\/li>\n<li>Runde 12.-20.12.2011 und 09.-16.01.2012<\/li>\n<li>Runde 07.-22.01.2014<\/li>\n<li>Runde 09.-18.12.2015 und 07.-13.01.2016<\/li>\n<li>Runde 06.-21.12.2017<\/li>\n<li>Runde 18.-20.12.2019 und 07.-17.01.2020<\/li>\n<li>Runde 28.01.-11.02.2022<\/li>\n<li>Runde 15.01.-29.01.2024<\/li>\n<\/ol>\n<\/td>\n<\/tr>\n<tr>\n<td style=\"border-color: #f22cd1; width: 19.4828%;\">Kl\u00f6tze<\/td>\n<td style=\"border-color: #f22cd1; width: 36.7241%;\">&nbsp;Schulstra\u00dfe 30, Gel\u00e4nde der Rettungswache<\/td>\n<td style=\"border-color: #f22cd1; width: 39.6552%;\">\n<ol>\n<li>Runde 05.-25.11.2009<\/li>\n<li>Runde 17.01.- 07.02.2012<\/li>\n<li>Runde 21.01.-11.02.2014<\/li>\n<li>Runde 13.01.-05.02.2016<\/li>\n<li>Runde ab 08.-30.01.2018<\/li>\n<li>Runde 20.01.-11.02.2020<\/li>\n<li>Runde 14.02.-07.03.2022<\/li>\n<li>Runde 30.01.-20.02.2024<\/li>\n<\/ol>\n<\/td>\n<\/tr>\n<tr>\n<td style=\"border-color: #f22cd1; width: 19.4828%;\">Kalbe<\/td>\n<td style=\"border-color: #f22cd1; width: 36.7241%;\">&nbsp;Bahnhofstra\u00dfe 28, Parkplatz Kulturhaus<\/td>\n<td style=\"border-color: #f22cd1; width: 39.6552%;\">\n<ol>\n<li>Runde&nbsp;26.11.-09.12.2009<\/li>\n<li>Runde&nbsp;08.- 22.02.2012<\/li>\n<li>Runde 12.-25.02.2014<\/li>\n<li>Runde 05.-18.02.2016<\/li>\n<li>Runde 31.01.-13.02.2018<\/li>\n<li>Runde 12.-25.02.2020<\/li>\n<li>Runde 07.-17.03.2022<\/li>\n<li>Runde 21.02.-04.03.2024<\/li>\n<\/ol>\n<\/td>\n<\/tr>\n<tr>\n<td style=\"border-color: #f22cd1; width: 19.4828%;\">Hansestadt Gardelegen<\/td>\n<td style=\"border-color: #f22cd1; width: 36.7241%;\">&nbsp;Schillerstra\u00dfe, zwischen J\u00e4gerstieg und Stra\u00dfe der Freundschaft, Parkplatz Tivoliplatz<\/td>\n<td style=\"border-color: #f22cd1; width: 39.6552%;\">\n<ol>\n<li>Runde 10.-16.12.2009 und 07.01.-02.02.2010<\/li>\n<li>Runde 23.02.-26.03.2012<\/li>\n<li>Runde 26.02.-26.03.2014<\/li>\n<li>Runde 19.02.-18.03.2016<\/li>\n<li>Runde 14.02.-14.03.2108<\/li>\n<li>Runde 25.02.-26.03.2020 und 02.-05.062020<\/li>\n<li>Runde 18.03.-14.04.2022<\/li>\n<li>Runde 05.-27.03.2024<\/li>\n<\/ol>\n<\/td>\n<\/tr>\n<tr>\n<td style=\"border-color: #f22cd1; width: 19.4828%;\">Mieste<\/td>\n<td style=\"border-color: #f22cd1; width: 36.7241%;\">&nbsp;Riesebergstra\u00dfe, Marktplatz<\/td>\n<td style=\"border-color: #f22cd1; width: 39.6552%;\">\n<ol>\n<li>Runde&nbsp;08.-17.02.2010<\/li>\n<li>Runde&nbsp;27.03.-05.04.2012<\/li>\n<li>Runde 27.03.-04.04.2014<\/li>\n<li>Runde 21.03.-01.04.2016<\/li>\n<li>Runde 15.-26.03.2018<\/li>\n<li>Runde 08.-18.06.2020<\/li>\n<li>Runde 29.04.-10.05.2022<\/li>\n<li>Runde 28.03.-10.4.2024<\/li>\n<\/ol>\n<\/td>\n<\/tr>\n<tr>\n<td style=\"border-color: #f22cd1; width: 19.4828%;\">Calf\u00f6rde<\/td>\n<td style=\"border-color: #f22cd1; width: 36.7241%;\">&nbsp;Am Markt, Marktplatz<\/td>\n<td style=\"border-color: #f22cd1; width: 39.6552%;\">\n<ol>\n<li>Runde&nbsp;18.02.-03.03.2010<\/li>\n<li>Runde&nbsp;10.-23.04.2012<\/li>\n<li>Runde 07.-17.04.2014<\/li>\n<li>Runde 04.-14.04.2016<\/li>\n<li>Runde 27.03.-11.04.2018<\/li>\n<li>Runde 19.06.-01.07.2020<\/li>\n<li>Runde 11.-20.05.2022<\/li>\n<li>Runde 10.-19.04.2024<\/li>\n<\/ol>\n<\/td>\n<\/tr>\n<tr>\n<td style=\"border-color: #f22cd1; width: 19.4828%;\">Erxleben<\/td>\n<td style=\"border-color: #f22cd1; width: 36.7241%;\">&nbsp;Parkstra\u00dfe, Parkplatz am B\u00fcrgerhaus &#8211; ab 7. Runde Einladungen nach Haldensleben<\/td>\n<td style=\"border-color: #f22cd1; width: 39.6552%;\">\n<ol>\n<li>Runde 04.-16.03.2010<\/li>\n<li>Runde&nbsp;24.04.-04.05.2012<\/li>\n<li>Runde 22.-30.04.2014<\/li>\n<li>Runde 15.-27.04.2016<\/li>\n<li>Runde 12.-24.04.2018<\/li>\n<li>Runde 27.04.-08.05.2020<\/li>\n<li>Runde 21.-29.05.2022<\/li>\n<li>Runde 13.-21.04.2024<\/li>\n<\/ol>\n<\/td>\n<\/tr>\n<\/tbody>\n<\/table>\n<p>&nbsp;<\/p>\n","protected":false},"excerpt":{"rendered":"<p>&nbsp;Ort Trailer-Standort Zeiten &nbsp;Haldensleben Bornschestr. 8, st\u00e4dtischer Parkplatz Runde&nbsp;28.04.-19.06.2008 Runde&nbsp;17.03.-20.05.2010 Runde 07.05.-.29.06.2012 Runde 05.05.-23.06.2014 Runde 28.04.-16.06.2016 Runde 25.04.-19.06.2018 Runde 10.08.-25.09.2020 Runde 30.05.-06.07.2022 und 03.-25.08.2022 Runde 22.04.-26.06.2024 und 19.-26.07.2024 Hermsdorf &nbsp;Am ElbePark 1 &#8211; Parkplatz auf dem Elbe Park Runde&nbsp;20.06.-08.07. und 04.-09.08.2008 Runde&nbsp;21.05.-.18.06.2010 Runde 29.06.-17.07.2012 und 20.-24.08.2012 Runde 24.06-16.07.2014 und 18.-27.08.2014 Runde 20.-29.06. und 01.-22.08.2016 Runde [&hellip;]<\/p>\n","protected":false},"author":6,"featured_media":0,"parent":55,"menu_order":0,"comment_status":"open","ping_status":"open","template":"","meta":{"ngg_post_thumbnail":0,"footnotes":""},"class_list":["post-686","page","type-page","status-publish","hentry"],"_links":{"self":[{"href":"https:\/\/www.drdenck.de\/mammo\/wp-json\/wp\/v2\/pages\/686","targetHints":{"allow":["GET"]}}],"collection":[{"href":"https:\/\/www.drdenck.de\/mammo\/wp-json\/wp\/v2\/pages"}],"about":[{"href":"https:\/\/www.drdenck.de\/mammo\/wp-json\/wp\/v2\/types\/page"}],"author":[{"embeddable":true,"href":"https:\/\/www.drdenck.de\/mammo\/wp-json\/wp\/v2\/users\/6"}],"replies":[{"embeddable":true,"href":"https:\/\/www.drdenck.de\/mammo\/wp-json\/wp\/v2\/comments?post=686"}],"version-history":[{"count":148,"href":"https:\/\/www.drdenck.de\/mammo\/wp-json\/wp\/v2\/pages\/686\/revisions"}],"predecessor-version":[{"id":1928,"href":"https:\/\/www.drdenck.de\/mammo\/wp-json\/wp\/v2\/pages\/686\/revisions\/1928"}],"up":[{"embeddable":true,"href":"https:\/\/www.drdenck.de\/mammo\/wp-json\/wp\/v2\/pages\/55"}],"wp:attachment":[{"href":"https:\/\/www.drdenck.de\/mammo\/wp-json\/wp\/v2\/media?parent=686"}],"curies":[{"name":"wp","href":"https:\/\/api.w.org\/{rel}","templated":true}]}}